{"id":2595,"date":"2025-01-21T15:13:43","date_gmt":"2025-01-21T14:13:43","guid":{"rendered":"https:\/\/maghispan.es\/lindustrie\/"},"modified":"2026-05-07T14:06:48","modified_gmt":"2026-05-07T12:06:48","slug":"lindustrie","status":"publish","type":"page","link":"https:\/\/maghispan.es\/fr\/lindustrie\/","title":{"rendered":"L&rsquo;industrie"},"content":{"rendered":"\n<div class=\"wp-block-group has-global-padding is-layout-constrained wp-block-group-is-layout-constrained\">\n<div class=\"wp-block-group has-global-padding is-layout-constrained wp-block-group-is-layout-constrained\" style=\"padding-bottom:var(--wp--preset--spacing--30)\">\n<h2 class=\"wp-block-heading has-primary-color has-text-color has-link-color wp-elements-229d002b1f98ec101cb9486921a32cfc\" style=\"font-style:normal;font-weight:700\"><mark style=\"background-color:rgba(0, 0, 0, 0)\" class=\"has-inline-color has-contrast-color\">Fourniture et distribution de <\/mark><mark style=\"background-color:rgba(0, 0, 0, 0)\" class=\"has-inline-color has-primary-color\">Appareillage \u00e9lectrique industriel<\/mark><\/h2>\n\n\n\n<p>Nous proposons des solutions personnalis\u00e9es, notamment des <strong>connecteurs<\/strong>, des <strong>contacteurs <\/strong>et des <strong>interrupteurs pour la basse, moyenne et haute tension<\/strong>, con\u00e7us pour des environnements industriels exigeants.  <\/p>\n\n\n\n<p>Avec plus de 30 ans d&rsquo;exp\u00e9rience, nous sommes un des principaux fabricants de <strong>contacts \u00e9lectriques et de composants \u00e9lectrom\u00e9caniques<\/strong> pour l&rsquo;industrie lourde.  <\/p>\n\n\n\n<p>Nos <strong>services de maintenance et de modernisation<\/strong> prolongent la dur\u00e9e de vie des \u00e9quipements obsol\u00e8tes, minimisent les temps d&rsquo;arr\u00eat et optimisent la productivit\u00e9.  <\/p>\n<\/div>\n\n\n\n<figure class=\"wp-block-image size-large\"><img loading=\"lazy\" decoding=\"async\" width=\"1024\" height=\"567\" src=\"https:\/\/maghispan.es\/wp-content\/uploads\/2025\/05\/Industria-Aparamenta-electrica-Maghispan-1024x567.jpg\" alt=\"Industrie : appareillage &#xE9;lectrique. Fourniture et r&#xE9;paration de contacts &#xE9;lectrom&#xE9;caniques. \" class=\"wp-image-1705\" srcset=\"https:\/\/maghispan.es\/wp-content\/uploads\/2025\/05\/Industria-Aparamenta-electrica-Maghispan-1024x567.jpg 1024w, https:\/\/maghispan.es\/wp-content\/uploads\/2025\/05\/Industria-Aparamenta-electrica-Maghispan-300x166.jpg 300w, https:\/\/maghispan.es\/wp-content\/uploads\/2025\/05\/Industria-Aparamenta-electrica-Maghispan-768x426.jpg 768w, https:\/\/maghispan.es\/wp-content\/uploads\/2025\/05\/Industria-Aparamenta-electrica-Maghispan-1536x851.jpg 1536w, https:\/\/maghispan.es\/wp-content\/uploads\/2025\/05\/Industria-Aparamenta-electrica-Maghispan.jpg 1920w\" sizes=\"auto, (max-width: 1024px) 100vw, 1024px\" \/><\/figure>\n\n\n\n<p style=\"padding-top:var(--wp--preset--spacing--30)\"><a href=\"https:\/\/maghispan.es\/fr\/contact\/\" data-type=\"page\" data-id=\"20\">Contactez-nous <\/a>pour d\u00e9couvrir comment nos solutions sur mesure peuvent renforcer l&rsquo;efficacit\u00e9 et la s\u00e9curit\u00e9 de vos op\u00e9rations industrielles.<\/p>\n<\/div>\n<div  id=\"jtg-572\" class=\"modula modula-gallery modula-columns\" data-config=\"{&quot;tabletHeight&quot;:800,&quot;mobileHeight&quot;:800,&quot;desktopHeight&quot;:800,&quot;enableTwitter&quot;:false,&quot;enableWhatsapp&quot;:false,&quot;enableFacebook&quot;:false,&quot;enablePinterest&quot;:false,&quot;enableLinkedin&quot;:false,&quot;enableEmail&quot;:false,&quot;randomFactor&quot;:0.5,&quot;type&quot;:&quot;grid&quot;,&quot;columns&quot;:12,&quot;gutter&quot;:10,&quot;mobileGutter&quot;:10,&quot;tabletGutter&quot;:10,&quot;desktopGutter&quot;:10,&quot;enableResponsive&quot;:&quot;0&quot;,&quot;tabletColumns&quot;:2,&quot;mobileColumns&quot;:1,&quot;lazyLoad&quot;:0,&quot;lightboxOpts&quot;:{&quot;animated&quot;:true,&quot;Thumbs&quot;:{&quot;type&quot;:&quot;modern&quot;,&quot;showOnStart&quot;:false},&quot;Toolbar&quot;:{&quot;display&quot;:{&quot;right&quot;:[&quot;close&quot;]},&quot;enabled&quot;:true},&quot;Carousel&quot;:{&quot;Panzoom&quot;:{&quot;touch&quot;:true},&quot;infinite&quot;:false},&quot;keyboard&quot;:{&quot;Escape&quot;:&quot;close&quot;,&quot;Delete&quot;:&quot;close&quot;,&quot;Backspace&quot;:&quot;close&quot;,&quot;PageUp&quot;:false,&quot;PageDown&quot;:false,&quot;ArrowUp&quot;:false,&quot;ArrowDown&quot;:false,&quot;ArrowRight&quot;:false,&quot;ArrowLeft&quot;:false},&quot;touch&quot;:false,&quot;backdropClick&quot;:false,&quot;l10n&quot;:{&quot;CLOSE&quot;:&quot;Close&quot;,&quot;NEXT&quot;:&quot;Next&quot;,&quot;PREV&quot;:&quot;Previous&quot;,&quot;Error&quot;:&quot;The requested content cannot be loaded. Please try again later.&quot;,&quot;PLAY_START&quot;:&quot;Start slideshow&quot;,&quot;PLAY_STOP&quot;:&quot;Pause slideshow&quot;,&quot;FULL_SCREEN&quot;:&quot;Full screen&quot;,&quot;THUMBS&quot;:&quot;Thumbnails&quot;,&quot;DOWNLOAD&quot;:&quot;Download&quot;,&quot;SHARE&quot;:&quot;Share&quot;,&quot;ZOOM&quot;:&quot;Zoom&quot;,&quot;EMAIL&quot;:&quot;Here is the link to the image : %%image_link%% and this is the link to the gallery : %%gallery_link%%&quot;,&quot;MODAL&quot;:&quot;You can close this modal content with the ESC key&quot;,&quot;ERROR&quot;:&quot;Something Went Wrong, Please Try Again Later&quot;,&quot;IMAGE_ERROR&quot;:&quot;Image Not Found&quot;,&quot;ELEMENT_NOT_FOUND&quot;:&quot;HTML Element Not Found&quot;,&quot;AJAX_NOT_FOUND&quot;:&quot;Error Loading AJAX : Not Found&quot;,&quot;AJAX_FORBIDDEN&quot;:&quot;Error Loading AJAX : Forbidden&quot;,&quot;IFRAME_ERROR&quot;:&quot;Error Loading Page&quot;,&quot;TOGGLE_ZOOM&quot;:&quot;Toggle zoom level&quot;,&quot;TOGGLE_THUMBS&quot;:&quot;Toggle thumbnails&quot;,&quot;TOGGLE_SLIDESHOW&quot;:&quot;Toggle slideshow&quot;,&quot;TOGGLE_FULLSCREEN&quot;:&quot;Toggle full-screen mode&quot;},&quot;Images&quot;:{&quot;Panzoom&quot;:{&quot;maxScale&quot;:2}},&quot;mainClass&quot;:&quot;modula-fancybox-container modula-lightbox-jtg-572&quot;,&quot;Html&quot;:{&quot;videoAutoplay&quot;:0,&quot;videoTpl&quot;:&quot;&lt;video class=\\&quot;fancybox__html5video\\&quot; controls muted playsinline controlsList controlsList=\\&quot;nodownload\\&quot; poster=\\&quot;{{poster}}\\&quot; src=\\&quot;{{src}}\\&quot; type=\\&quot;{{format}}\\&quot; &gt;  Sorry, your browser doesn&#039;t support embedded videos, &lt;a href=\\&quot;{{src}}\\&quot;&gt; download &lt;\\\/a&gt; and watch with your favorite video player! &lt;\\\/video&gt;&quot;}},&quot;inView&quot;:false,&quot;email_subject&quot;:&quot;Check out this awesome image !!&quot;,&quot;email_message&quot;:&quot;Here is the link to the image : %%image_link%% and this is the link to the gallery : %%gallery_link%%&quot;,&quot;grid_type&quot;:&quot;3&quot;,&quot;rowHeight&quot;:250,&quot;lastRow&quot;:&quot;justify&quot;,&quot;lightbox&quot;:&quot;fancybox&quot;}\">\n\n\t<div class=\"modula-grid-sizer\"> <\/div>\n\t<div  class=\"modula-items grid-gallery\">\n\t\t<div class=\"modula-item effect-pufrobo\" >\n\t<div class=\"modula-item-overlay\"><\/div>\n\n\t<div class=\"modula-item-content\">\n\n\t\t<a data-image-id=\"573\" role=\"button\" tabindex=\"0\" rel=\"jtg-572\" data-caption=\"\" aria-label=\"Open image in lightbox\" class=\"tile-inner modula-item-link\"><\/a><img loading=\"lazy\" decoding=\"async\" class=\"pic wp-image-573\"  data-valign=\"middle\" data-halign=\"center\" alt=\"contactos conectores aparellaje el\u00e9ctrico para la industria 1\" data-full=\"https:\/\/maghispan.es\/wp-content\/uploads\/2025\/01\/FOTOS-MAGHISPAN-44.png\" title=\"contactos conectores aparellaje el\u00e9ctrico para la industria 1\" crop=\"\" width=\"1024\" height=\"683\" src=\"https:\/\/maghispan.es\/wp-content\/uploads\/2025\/01\/FOTOS-MAGHISPAN-44-1024x683.png\" data-src=\"https:\/\/maghispan.es\/wp-content\/uploads\/2025\/01\/FOTOS-MAGHISPAN-44-1024x683.png\" data-caption=\"\" srcset=\"https:\/\/maghispan.es\/wp-content\/uploads\/2025\/01\/FOTOS-MAGHISPAN-44.png 1350w, https:\/\/maghispan.es\/wp-content\/uploads\/2025\/01\/FOTOS-MAGHISPAN-44-300x200.png 300w, https:\/\/maghispan.es\/wp-content\/uploads\/2025\/01\/FOTOS-MAGHISPAN-44-1024x683.png 1024w, https:\/\/maghispan.es\/wp-content\/uploads\/2025\/01\/FOTOS-MAGHISPAN-44-768x512.png 768w\" sizes=\"auto, (max-width: 1024px) 100vw, 1024px\" \/>\n\t\t<div class=\"figc no-description\">\n\t\t\t<div class=\"figc-inner\">\n\t\t\t\t\t\t\t\t\t\t\t\t\t\t\t<\/div>\n\t\t<\/div>\n\n\t<\/div>\n\n<\/div><div class=\"modula-item effect-pufrobo\" >\n\t<div class=\"modula-item-overlay\"><\/div>\n\n\t<div class=\"modula-item-content\">\n\n\t\t<a data-image-id=\"574\" role=\"button\" tabindex=\"0\" rel=\"jtg-572\" data-caption=\"\" aria-label=\"Open image in lightbox\" class=\"tile-inner modula-item-link\"><\/a><img loading=\"lazy\" decoding=\"async\" class=\"pic wp-image-574\"  data-valign=\"middle\" data-halign=\"center\" alt=\"contactos conectores aparellaje el\u00e9ctrico para la industria 2\" data-full=\"https:\/\/maghispan.es\/wp-content\/uploads\/2025\/01\/FOTOS-MAGHISPAN-45.png\" title=\"contactos conectores aparellaje el\u00e9ctrico para la industria 2\" crop=\"\" width=\"1024\" height=\"683\" src=\"https:\/\/maghispan.es\/wp-content\/uploads\/2025\/01\/FOTOS-MAGHISPAN-45-1024x683.png\" data-src=\"https:\/\/maghispan.es\/wp-content\/uploads\/2025\/01\/FOTOS-MAGHISPAN-45-1024x683.png\" data-caption=\"\" srcset=\"https:\/\/maghispan.es\/wp-content\/uploads\/2025\/01\/FOTOS-MAGHISPAN-45.png 1350w, https:\/\/maghispan.es\/wp-content\/uploads\/2025\/01\/FOTOS-MAGHISPAN-45-300x200.png 300w, https:\/\/maghispan.es\/wp-content\/uploads\/2025\/01\/FOTOS-MAGHISPAN-45-1024x683.png 1024w, https:\/\/maghispan.es\/wp-content\/uploads\/2025\/01\/FOTOS-MAGHISPAN-45-768x512.png 768w\" sizes=\"auto, (max-width: 1024px) 100vw, 1024px\" \/>\n\t\t<div class=\"figc no-description\">\n\t\t\t<div class=\"figc-inner\">\n\t\t\t\t\t\t\t\t\t\t\t\t\t\t\t<\/div>\n\t\t<\/div>\n\n\t<\/div>\n\n<\/div><div class=\"modula-item effect-pufrobo\" >\n\t<div class=\"modula-item-overlay\"><\/div>\n\n\t<div class=\"modula-item-content\">\n\n\t\t<a data-image-id=\"575\" role=\"button\" tabindex=\"0\" rel=\"jtg-572\" data-caption=\"\" aria-label=\"Open image in lightbox\" class=\"tile-inner modula-item-link\"><\/a><img loading=\"lazy\" decoding=\"async\" class=\"pic wp-image-575\"  data-valign=\"middle\" data-halign=\"center\" alt=\"contactos conectores aparellaje el\u00e9ctrico para la industria 3\" data-full=\"https:\/\/maghispan.es\/wp-content\/uploads\/2025\/01\/FOTOS-MAGHISPAN-46-1.png\" title=\"contactos conectores aparellaje el\u00e9ctrico para la industria 3\" crop=\"\" width=\"1024\" height=\"683\" src=\"https:\/\/maghispan.es\/wp-content\/uploads\/2025\/01\/FOTOS-MAGHISPAN-46-1-1024x683.png\" data-src=\"https:\/\/maghispan.es\/wp-content\/uploads\/2025\/01\/FOTOS-MAGHISPAN-46-1-1024x683.png\" data-caption=\"\" srcset=\"https:\/\/maghispan.es\/wp-content\/uploads\/2025\/01\/FOTOS-MAGHISPAN-46-1.png 1350w, https:\/\/maghispan.es\/wp-content\/uploads\/2025\/01\/FOTOS-MAGHISPAN-46-1-300x200.png 300w, https:\/\/maghispan.es\/wp-content\/uploads\/2025\/01\/FOTOS-MAGHISPAN-46-1-1024x683.png 1024w, https:\/\/maghispan.es\/wp-content\/uploads\/2025\/01\/FOTOS-MAGHISPAN-46-1-768x512.png 768w\" sizes=\"auto, (max-width: 1024px) 100vw, 1024px\" \/>\n\t\t<div class=\"figc no-description\">\n\t\t\t<div class=\"figc-inner\">\n\t\t\t\t\t\t\t\t\t\t\t\t\t\t\t<\/div>\n\t\t<\/div>\n\n\t<\/div>\n\n<\/div><div class=\"modula-item effect-pufrobo\" >\n\t<div class=\"modula-item-overlay\"><\/div>\n\n\t<div class=\"modula-item-content\">\n\n\t\t<a data-image-id=\"576\" role=\"button\" tabindex=\"0\" rel=\"jtg-572\" data-caption=\"\" aria-label=\"Open image in lightbox\" class=\"tile-inner modula-item-link\"><\/a><img loading=\"lazy\" decoding=\"async\" class=\"pic wp-image-576\"  data-valign=\"middle\" data-halign=\"center\" alt=\"contactos conectores aparellaje el\u00e9ctrico para la industria 4\" data-full=\"https:\/\/maghispan.es\/wp-content\/uploads\/2025\/01\/FOTOS-MAGHISPAN-47.png\" title=\"contactos conectores aparellaje el\u00e9ctrico para la industria 4\" crop=\"\" width=\"1024\" height=\"683\" src=\"https:\/\/maghispan.es\/wp-content\/uploads\/2025\/01\/FOTOS-MAGHISPAN-47-1024x683.png\" data-src=\"https:\/\/maghispan.es\/wp-content\/uploads\/2025\/01\/FOTOS-MAGHISPAN-47-1024x683.png\" data-caption=\"\" srcset=\"https:\/\/maghispan.es\/wp-content\/uploads\/2025\/01\/FOTOS-MAGHISPAN-47.png 1350w, https:\/\/maghispan.es\/wp-content\/uploads\/2025\/01\/FOTOS-MAGHISPAN-47-300x200.png 300w, https:\/\/maghispan.es\/wp-content\/uploads\/2025\/01\/FOTOS-MAGHISPAN-47-1024x683.png 1024w, https:\/\/maghispan.es\/wp-content\/uploads\/2025\/01\/FOTOS-MAGHISPAN-47-768x512.png 768w\" sizes=\"auto, (max-width: 1024px) 100vw, 1024px\" \/>\n\t\t<div class=\"figc no-description\">\n\t\t\t<div class=\"figc-inner\">\n\t\t\t\t\t\t\t\t\t\t\t\t\t\t\t<\/div>\n\t\t<\/div>\n\n\t<\/div>\n\n<\/div><div class=\"modula-item effect-pufrobo\" >\n\t<div class=\"modula-item-overlay\"><\/div>\n\n\t<div class=\"modula-item-content\">\n\n\t\t<a data-image-id=\"577\" role=\"button\" tabindex=\"0\" rel=\"jtg-572\" data-caption=\"\" aria-label=\"Open image in lightbox\" class=\"tile-inner modula-item-link\"><\/a><img loading=\"lazy\" decoding=\"async\" class=\"pic wp-image-577\"  data-valign=\"middle\" data-halign=\"center\" alt=\"contactos conectores aparellaje el\u00e9ctrico para la industria 5\" data-full=\"https:\/\/maghispan.es\/wp-content\/uploads\/2025\/01\/FOTOS-MAGHISPAN-80.png\" title=\"contactos conectores aparellaje el\u00e9ctrico para la industria 5\" crop=\"\" width=\"1024\" height=\"683\" src=\"https:\/\/maghispan.es\/wp-content\/uploads\/2025\/01\/FOTOS-MAGHISPAN-80-1024x683.png\" data-src=\"https:\/\/maghispan.es\/wp-content\/uploads\/2025\/01\/FOTOS-MAGHISPAN-80-1024x683.png\" data-caption=\"\" srcset=\"https:\/\/maghispan.es\/wp-content\/uploads\/2025\/01\/FOTOS-MAGHISPAN-80.png 1350w, https:\/\/maghispan.es\/wp-content\/uploads\/2025\/01\/FOTOS-MAGHISPAN-80-300x200.png 300w, https:\/\/maghispan.es\/wp-content\/uploads\/2025\/01\/FOTOS-MAGHISPAN-80-1024x683.png 1024w, https:\/\/maghispan.es\/wp-content\/uploads\/2025\/01\/FOTOS-MAGHISPAN-80-768x512.png 768w\" sizes=\"auto, (max-width: 1024px) 100vw, 1024px\" \/>\n\t\t<div class=\"figc no-description\">\n\t\t\t<div class=\"figc-inner\">\n\t\t\t\t\t\t\t\t\t\t\t\t\t\t\t<\/div>\n\t\t<\/div>\n\n\t<\/div>\n\n<\/div><div class=\"modula-item effect-pufrobo\" >\n\t<div class=\"modula-item-overlay\"><\/div>\n\n\t<div class=\"modula-item-content\">\n\n\t\t<a data-image-id=\"2571\" role=\"button\" tabindex=\"0\" rel=\"jtg-572\" data-caption=\"\" aria-label=\"Open image in lightbox\" class=\"tile-inner modula-item-link\"><\/a><img loading=\"lazy\" decoding=\"async\" class=\"pic wp-image-2571\"  data-valign=\"middle\" data-halign=\"center\" alt=\"contactos conectores aparellaje el\u00e9ctrico para la industria 6\" data-full=\"https:\/\/maghispan.es\/wp-content\/uploads\/2026\/04\/FOTOS-MAGHISPAN-81-1024x683-2.webp\" title=\"contactos conectores aparellaje el\u00e9ctrico para la industria 6\" crop=\"\" width=\"1024\" height=\"683\" src=\"https:\/\/maghispan.es\/wp-content\/uploads\/2026\/04\/FOTOS-MAGHISPAN-81-1024x683-2.webp\" data-src=\"https:\/\/maghispan.es\/wp-content\/uploads\/2026\/04\/FOTOS-MAGHISPAN-81-1024x683-2.webp\" data-caption=\"\" srcset=\"https:\/\/maghispan.es\/wp-content\/uploads\/2026\/04\/FOTOS-MAGHISPAN-81-1024x683-2.webp 1024w, https:\/\/maghispan.es\/wp-content\/uploads\/2026\/04\/FOTOS-MAGHISPAN-81-1024x683-2-300x200.webp 300w, https:\/\/maghispan.es\/wp-content\/uploads\/2026\/04\/FOTOS-MAGHISPAN-81-1024x683-2-768x512.webp 768w\" sizes=\"auto, (max-width: 1024px) 100vw, 1024px\" \/>\n\t\t<div class=\"figc no-description\">\n\t\t\t<div class=\"figc-inner\">\n\t\t\t\t\t\t\t\t\t\t\t\t\t\t\t<\/div>\n\t\t<\/div>\n\n\t<\/div>\n\n<\/div><div class=\"modula-item effect-pufrobo\" >\n\t<div class=\"modula-item-overlay\"><\/div>\n\n\t<div class=\"modula-item-content\">\n\n\t\t<a data-image-id=\"2562\" role=\"button\" tabindex=\"0\" rel=\"jtg-572\" data-caption=\"\" aria-label=\"Open image in lightbox\" class=\"tile-inner modula-item-link\"><\/a><img loading=\"lazy\" decoding=\"async\" class=\"pic wp-image-2562\"  data-valign=\"middle\" data-halign=\"center\" alt=\"contactos conectores aparellaje el\u00e9ctrico para la industria 7\" data-full=\"https:\/\/maghispan.es\/wp-content\/uploads\/2026\/04\/FOTOS-MAGHISPAN-111-1024x683-1.webp\" title=\"contactos conectores aparellaje el\u00e9ctrico para la industria 7\" crop=\"\" width=\"1024\" height=\"683\" src=\"https:\/\/maghispan.es\/wp-content\/uploads\/2026\/04\/FOTOS-MAGHISPAN-111-1024x683-1.webp\" data-src=\"https:\/\/maghispan.es\/wp-content\/uploads\/2026\/04\/FOTOS-MAGHISPAN-111-1024x683-1.webp\" data-caption=\"\" srcset=\"https:\/\/maghispan.es\/wp-content\/uploads\/2026\/04\/FOTOS-MAGHISPAN-111-1024x683-1.webp 1024w, https:\/\/maghispan.es\/wp-content\/uploads\/2026\/04\/FOTOS-MAGHISPAN-111-1024x683-1-300x200.webp 300w, https:\/\/maghispan.es\/wp-content\/uploads\/2026\/04\/FOTOS-MAGHISPAN-111-1024x683-1-768x512.webp 768w\" sizes=\"auto, (max-width: 1024px) 100vw, 1024px\" \/>\n\t\t<div class=\"figc no-description\">\n\t\t\t<div class=\"figc-inner\">\n\t\t\t\t\t\t\t\t\t\t\t\t\t\t\t<\/div>\n\t\t<\/div>\n\n\t<\/div>\n\n<\/div><div class=\"modula-item effect-pufrobo\" >\n\t<div class=\"modula-item-overlay\"><\/div>\n\n\t<div class=\"modula-item-content\">\n\n\t\t<a data-image-id=\"2574\" role=\"button\" tabindex=\"0\" rel=\"jtg-572\" data-caption=\"\" aria-label=\"Open image in lightbox\" class=\"tile-inner modula-item-link\"><\/a><img loading=\"lazy\" decoding=\"async\" class=\"pic wp-image-2574\"  data-valign=\"middle\" data-halign=\"center\" alt=\"contactos conectores aparellaje el\u00e9ctrico para la industria 8\" data-full=\"https:\/\/maghispan.es\/wp-content\/uploads\/2026\/04\/FOTOS-MAGHISPAN-112-1024x683-2.webp\" title=\"contactos conectores aparellaje el\u00e9ctrico para la industria 8\" crop=\"\" width=\"1024\" height=\"683\" src=\"https:\/\/maghispan.es\/wp-content\/uploads\/2026\/04\/FOTOS-MAGHISPAN-112-1024x683-2.webp\" data-src=\"https:\/\/maghispan.es\/wp-content\/uploads\/2026\/04\/FOTOS-MAGHISPAN-112-1024x683-2.webp\" data-caption=\"\" srcset=\"https:\/\/maghispan.es\/wp-content\/uploads\/2026\/04\/FOTOS-MAGHISPAN-112-1024x683-2.webp 1024w, https:\/\/maghispan.es\/wp-content\/uploads\/2026\/04\/FOTOS-MAGHISPAN-112-1024x683-2-300x200.webp 300w, https:\/\/maghispan.es\/wp-content\/uploads\/2026\/04\/FOTOS-MAGHISPAN-112-1024x683-2-768x512.webp 768w\" sizes=\"auto, (max-width: 1024px) 100vw, 1024px\" \/>\n\t\t<div class=\"figc no-description\">\n\t\t\t<div class=\"figc-inner\">\n\t\t\t\t\t\t\t\t\t\t\t\t\t\t\t<\/div>\n\t\t<\/div>\n\n\t<\/div>\n\n<\/div><div class=\"modula-item effect-pufrobo\" >\n\t<div class=\"modula-item-overlay\"><\/div>\n\n\t<div class=\"modula-item-content\">\n\n\t\t<a data-image-id=\"2568\" role=\"button\" tabindex=\"0\" rel=\"jtg-572\" data-caption=\"\" aria-label=\"Open image in lightbox\" class=\"tile-inner modula-item-link\"><\/a><img loading=\"lazy\" decoding=\"async\" class=\"pic wp-image-2568\"  data-valign=\"middle\" data-halign=\"center\" alt=\"contactos conectores aparellaje el\u00e9ctrico para la industria 9\" data-full=\"https:\/\/maghispan.es\/wp-content\/uploads\/2026\/04\/FOTOS-MAGHISPAN-113-1024x683-1.webp\" title=\"contactos conectores aparellaje el\u00e9ctrico para la industria 9\" crop=\"\" width=\"1024\" height=\"683\" src=\"https:\/\/maghispan.es\/wp-content\/uploads\/2026\/04\/FOTOS-MAGHISPAN-113-1024x683-1.webp\" data-src=\"https:\/\/maghispan.es\/wp-content\/uploads\/2026\/04\/FOTOS-MAGHISPAN-113-1024x683-1.webp\" data-caption=\"\" srcset=\"https:\/\/maghispan.es\/wp-content\/uploads\/2026\/04\/FOTOS-MAGHISPAN-113-1024x683-1.webp 1024w, https:\/\/maghispan.es\/wp-content\/uploads\/2026\/04\/FOTOS-MAGHISPAN-113-1024x683-1-300x200.webp 300w, https:\/\/maghispan.es\/wp-content\/uploads\/2026\/04\/FOTOS-MAGHISPAN-113-1024x683-1-768x512.webp 768w\" sizes=\"auto, (max-width: 1024px) 100vw, 1024px\" \/>\n\t\t<div class=\"figc no-description\">\n\t\t\t<div class=\"figc-inner\">\n\t\t\t\t\t\t\t\t\t\t\t\t\t\t\t<\/div>\n\t\t<\/div>\n\n\t<\/div>\n\n<\/div>\t\t\n\t<\/div>\n\n\t\n\t\n\t<script type=\"application\/ld+json\">\n\t{\n\t\t\"@context\": \"http:\/\/schema.org\",\n\t\t\"@type\"   : \"ImageGallery\",\n\t\t\"id\"      : \"https:\/\/maghispan.es\/fr\/lindustrie\/\",\n\t\t\"url\"     : \"https:\/\/maghispan.es\/fr\/lindustrie\/\"\n\t}\n\n\t<\/script>\n\n\t\n<\/div>\n\n","protected":false},"excerpt":{"rendered":"<p>Fourniture et distribution de Appareillage \u00e9lectrique industriel Nous proposons des solutions personnalis\u00e9es, notamment des connecteurs, des contacteurs et des interrupteurs pour la basse, moyenne et haute tension, con\u00e7us pour des environnements industriels exigeants. Avec plus de 30 ans d&rsquo;exp\u00e9rience, nous sommes un des principaux fabricants de contacts \u00e9lectriques et de composants \u00e9lectrom\u00e9caniques pour l&rsquo;industrie lourde. [&hellip;]<\/p>\n","protected":false},"author":1,"featured_media":814,"parent":0,"menu_order":0,"comment_status":"closed","ping_status":"closed","template":"","meta":{"footnotes":""},"class_list":["post-2595","page","type-page","status-publish","has-post-thumbnail","hentry"],"jetpack_sharing_enabled":true,"_links":{"self":[{"href":"https:\/\/maghispan.es\/fr\/wp-json\/wp\/v2\/pages\/2595","targetHints":{"allow":["GET"]}}],"collection":[{"href":"https:\/\/maghispan.es\/fr\/wp-json\/wp\/v2\/pages"}],"about":[{"href":"https:\/\/maghispan.es\/fr\/wp-json\/wp\/v2\/types\/page"}],"author":[{"embeddable":true,"href":"https:\/\/maghispan.es\/fr\/wp-json\/wp\/v2\/users\/1"}],"replies":[{"embeddable":true,"href":"https:\/\/maghispan.es\/fr\/wp-json\/wp\/v2\/comments?post=2595"}],"version-history":[{"count":1,"href":"https:\/\/maghispan.es\/fr\/wp-json\/wp\/v2\/pages\/2595\/revisions"}],"predecessor-version":[{"id":2596,"href":"https:\/\/maghispan.es\/fr\/wp-json\/wp\/v2\/pages\/2595\/revisions\/2596"}],"wp:featuredmedia":[{"embeddable":true,"href":"https:\/\/maghispan.es\/fr\/wp-json\/wp\/v2\/media\/814"}],"wp:attachment":[{"href":"https:\/\/maghispan.es\/fr\/wp-json\/wp\/v2\/media?parent=2595"}],"curies":[{"name":"wp","href":"https:\/\/api.w.org\/{rel}","templated":true}]}}