{"id":2097,"date":"2025-05-20T12:16:06","date_gmt":"2025-05-20T10:16:06","guid":{"rendered":"https:\/\/maghispan.es\/lindustrie-fourniture-et-reparation-de-contacts-electromecaniques\/"},"modified":"2025-09-19T18:24:34","modified_gmt":"2025-09-19T16:24:34","slug":"lindustrie-fourniture-et-reparation-de-contacts-electromecaniques","status":"publish","type":"page","link":"https:\/\/maghispan.es\/fr\/lindustrie-fourniture-et-reparation-de-contacts-electromecaniques\/","title":{"rendered":"L&rsquo;industrie : fourniture et r\u00e9paration de contacts \u00e9lectrom\u00e9caniques"},"content":{"rendered":"\n<div class=\"wp-block-group has-global-padding is-layout-constrained wp-block-group-is-layout-constrained\">\n<div class=\"wp-block-group has-global-padding is-layout-constrained wp-block-group-is-layout-constrained\" style=\"padding-bottom:var(--wp--preset--spacing--30)\">\n<p>Nous proposons des solutions personnalis\u00e9es, notamment des <strong>connecteurs<\/strong>, des <strong>contacteurs <\/strong>et des <strong>interrupteurs pour basse, moyenne et haute tension<\/strong>, con\u00e7us pour des environnements industriels exigeants. <\/p>\n\n\n\n<p>Avec plus de 30 ans d&rsquo;exp\u00e9rience, nous sommes un des principaux fabricants de <strong>contacts \u00e9lectriques et de composants \u00e9lectrom\u00e9caniques<\/strong> pour l&rsquo;industrie lourde. <\/p>\n\n\n\n<p>Nos <strong>services de maintenance et de modernisation<\/strong> prolongent la dur\u00e9e de vie des \u00e9quipements obsol\u00e8tes, minimisent les temps d&rsquo;arr\u00eat et optimisent la productivit\u00e9. <\/p>\n<\/div>\n\n\n\n<figure class=\"wp-block-image size-large\"><img loading=\"lazy\" decoding=\"async\" width=\"1024\" height=\"567\" src=\"https:\/\/maghispan.es\/wp-content\/uploads\/2025\/05\/Industria-Aparamenta-electrica-Maghispan-1024x567.jpg\" alt=\"Industrie : appareillage &#xE9;lectrique. Fourniture et r&#xE9;paration de contacts &#xE9;lectrom&#xE9;caniques. \" class=\"wp-image-1705\" srcset=\"https:\/\/maghispan.es\/wp-content\/uploads\/2025\/05\/Industria-Aparamenta-electrica-Maghispan-1024x567.jpg 1024w, https:\/\/maghispan.es\/wp-content\/uploads\/2025\/05\/Industria-Aparamenta-electrica-Maghispan-300x166.jpg 300w, https:\/\/maghispan.es\/wp-content\/uploads\/2025\/05\/Industria-Aparamenta-electrica-Maghispan-768x426.jpg 768w, https:\/\/maghispan.es\/wp-content\/uploads\/2025\/05\/Industria-Aparamenta-electrica-Maghispan-1536x851.jpg 1536w, https:\/\/maghispan.es\/wp-content\/uploads\/2025\/05\/Industria-Aparamenta-electrica-Maghispan.jpg 1920w\" sizes=\"auto, (max-width: 1024px) 100vw, 1024px\" \/><\/figure>\n\n\n\n<p style=\"padding-top:var(--wp--preset--spacing--30)\"><a href=\"https:\/\/maghispan.es\/fr\/contact\/\" data-type=\"page\" data-id=\"20\">Contactez-nous<\/a> pour d\u00e9couvrir comment nos solutions sur mesure peuvent renforcer l&rsquo;efficacit\u00e9 et la s\u00e9curit\u00e9 de vos op\u00e9rations industrielles.<\/p>\n<\/div>\n","protected":false},"excerpt":{"rendered":"<p>Nous proposons des solutions personnalis\u00e9es, notamment des connecteurs, des contacteurs et des interrupteurs pour basse, moyenne et haute tension, con\u00e7us pour des environnements industriels exigeants. Avec plus de 30 ans d&rsquo;exp\u00e9rience, nous sommes un des principaux fabricants de contacts \u00e9lectriques et de composants \u00e9lectrom\u00e9caniques pour l&rsquo;industrie lourde. Nos services de maintenance et de modernisation prolongent [&hellip;]<\/p>\n","protected":false},"author":1,"featured_media":774,"parent":0,"menu_order":0,"comment_status":"closed","ping_status":"closed","template":"","meta":{"footnotes":""},"class_list":["post-2097","page","type-page","status-publish","has-post-thumbnail","hentry"],"jetpack_sharing_enabled":true,"_links":{"self":[{"href":"https:\/\/maghispan.es\/fr\/wp-json\/wp\/v2\/pages\/2097","targetHints":{"allow":["GET"]}}],"collection":[{"href":"https:\/\/maghispan.es\/fr\/wp-json\/wp\/v2\/pages"}],"about":[{"href":"https:\/\/maghispan.es\/fr\/wp-json\/wp\/v2\/types\/page"}],"author":[{"embeddable":true,"href":"https:\/\/maghispan.es\/fr\/wp-json\/wp\/v2\/users\/1"}],"replies":[{"embeddable":true,"href":"https:\/\/maghispan.es\/fr\/wp-json\/wp\/v2\/comments?post=2097"}],"version-history":[{"count":4,"href":"https:\/\/maghispan.es\/fr\/wp-json\/wp\/v2\/pages\/2097\/revisions"}],"predecessor-version":[{"id":2189,"href":"https:\/\/maghispan.es\/fr\/wp-json\/wp\/v2\/pages\/2097\/revisions\/2189"}],"wp:featuredmedia":[{"embeddable":true,"href":"https:\/\/maghispan.es\/fr\/wp-json\/wp\/v2\/media\/774"}],"wp:attachment":[{"href":"https:\/\/maghispan.es\/fr\/wp-json\/wp\/v2\/media?parent=2097"}],"curies":[{"name":"wp","href":"https:\/\/api.w.org\/{rel}","templated":true}]}}