{"id":2092,"date":"2025-05-20T11:33:34","date_gmt":"2025-05-20T09:33:34","guid":{"rendered":"https:\/\/maghispan.es\/distribution-electrique-equipements-de-reseau-et-de-poste\/"},"modified":"2025-09-19T18:36:28","modified_gmt":"2025-09-19T16:36:28","slug":"distribution-electrique-equipements-de-reseau-et-de-poste","status":"publish","type":"page","link":"https:\/\/maghispan.es\/fr\/distribution-electrique-equipements-de-reseau-et-de-poste\/","title":{"rendered":"Distribution \u00e9lectrique : \u00e9quipements de R\u00e9seau et de Poste"},"content":{"rendered":"\n<div class=\"wp-block-group has-global-padding is-layout-constrained wp-block-group-is-layout-constrained\">\n<div class=\"wp-block-group has-global-padding is-layout-constrained wp-block-group-is-layout-constrained\" style=\"padding-bottom:var(--wp--preset--spacing--30)\">\n<p>Nous sommes sp\u00e9cialis\u00e9s dans l&rsquo;appareillage \u00e9lectrique dans le secteur de la distribution d&rsquo;\u00e9nergie. Nous d\u00e9veloppons et r\u00e9parons des <strong>composants \u00e9lectriques et \u00e9lectrom\u00e9caniques<\/strong> essentiels pour les sous-stations et les r\u00e9seaux de distribution, con\u00e7us pour garantir une alimentation \u00e9lectrique fiable et efficace.  <\/p>\n\n\n\n<p>Nos produits, <strong>certifi\u00e9s selon les normes ISO 9001<\/strong>, comprennent des <strong>transformateurs<\/strong>, des <strong>appareillages de commutation<\/strong>, des <strong>isolateurs <\/strong>et des <strong>barres omnibus<\/strong>, tous rigoureusement test\u00e9s pour des performances optimales. <\/p>\n\n\n\n<p>En outre, nous fournissons des <strong>services de maintenance sp\u00e9cialis\u00e9s<\/strong>, de <strong>fourniture de pi\u00e8ces d\u00e9tach\u00e9es<\/strong> et de <strong>r\u00e9ing\u00e9nierie des pi\u00e8ces obsol\u00e8tes<\/strong>, garantissant ainsi la continuit\u00e9 op\u00e9rationnelle et la confiance des soci\u00e9t\u00e9s de distribution.<\/p>\n<\/div>\n<\/div>\n\n<figure class=\"wp-block-image size-large\"><img loading=\"lazy\" decoding=\"async\" width=\"1024\" height=\"567\" src=\"https:\/\/maghispan.es\/wp-content\/uploads\/2025\/05\/Distribucion-electrica-aparamenta-electrica-Maghispan-1024x567.jpg\" alt=\"Distribution &#xE9;lectrique : composants &#xE9;lectriques et &#xE9;lectrom&#xE9;caniques pour les sous-stations et les r&#xE9;seaux de distribution.\" class=\"wp-image-1694\" srcset=\"https:\/\/maghispan.es\/wp-content\/uploads\/2025\/05\/Distribucion-electrica-aparamenta-electrica-Maghispan-1024x567.jpg 1024w, https:\/\/maghispan.es\/wp-content\/uploads\/2025\/05\/Distribucion-electrica-aparamenta-electrica-Maghispan-300x166.jpg 300w, https:\/\/maghispan.es\/wp-content\/uploads\/2025\/05\/Distribucion-electrica-aparamenta-electrica-Maghispan-768x426.jpg 768w, https:\/\/maghispan.es\/wp-content\/uploads\/2025\/05\/Distribucion-electrica-aparamenta-electrica-Maghispan-1536x851.jpg 1536w, https:\/\/maghispan.es\/wp-content\/uploads\/2025\/05\/Distribucion-electrica-aparamenta-electrica-Maghispan.jpg 1920w\" sizes=\"auto, (max-width: 1024px) 100vw, 1024px\" \/><\/figure>\n\n<p style=\"padding-top:var(--wp--preset--spacing--30)\">Si vous avez besoin de <strong>conseils techniques<\/strong>, d&rsquo;informations d\u00e9taill\u00e9es ou d&rsquo;un devis personnalis\u00e9 sur nos composants \u00e9lectriques pour la distribution d&rsquo;\u00e9nergie \u00e0 basse, moyenne et haute tension, n&rsquo;h\u00e9sitez pas \u00e0 <a href=\"https:\/\/maghispan.es\/fr\/contact\/\" data-type=\"page\" data-id=\"20\">contacter <\/a>notre \u00e9quipe d&rsquo;ing\u00e9nieurs. Nous nous ferons un plaisir de vous aider. <\/p>\n","protected":false},"excerpt":{"rendered":"<p>Nous sommes sp\u00e9cialis\u00e9s dans l&rsquo;appareillage \u00e9lectrique dans le secteur de la distribution d&rsquo;\u00e9nergie. Nous d\u00e9veloppons et r\u00e9parons des composants \u00e9lectriques et \u00e9lectrom\u00e9caniques essentiels pour les sous-stations et les r\u00e9seaux de distribution, con\u00e7us pour garantir une alimentation \u00e9lectrique fiable et efficace. Nos produits, certifi\u00e9s selon les normes ISO 9001, comprennent des transformateurs, des appareillages de commutation, [&hellip;]<\/p>\n","protected":false},"author":1,"featured_media":770,"parent":0,"menu_order":0,"comment_status":"closed","ping_status":"closed","template":"","meta":{"footnotes":""},"class_list":["post-2092","page","type-page","status-publish","has-post-thumbnail","hentry"],"jetpack_sharing_enabled":true,"_links":{"self":[{"href":"https:\/\/maghispan.es\/fr\/wp-json\/wp\/v2\/pages\/2092","targetHints":{"allow":["GET"]}}],"collection":[{"href":"https:\/\/maghispan.es\/fr\/wp-json\/wp\/v2\/pages"}],"about":[{"href":"https:\/\/maghispan.es\/fr\/wp-json\/wp\/v2\/types\/page"}],"author":[{"embeddable":true,"href":"https:\/\/maghispan.es\/fr\/wp-json\/wp\/v2\/users\/1"}],"replies":[{"embeddable":true,"href":"https:\/\/maghispan.es\/fr\/wp-json\/wp\/v2\/comments?post=2092"}],"version-history":[{"count":4,"href":"https:\/\/maghispan.es\/fr\/wp-json\/wp\/v2\/pages\/2092\/revisions"}],"predecessor-version":[{"id":2191,"href":"https:\/\/maghispan.es\/fr\/wp-json\/wp\/v2\/pages\/2092\/revisions\/2191"}],"wp:featuredmedia":[{"embeddable":true,"href":"https:\/\/maghispan.es\/fr\/wp-json\/wp\/v2\/media\/770"}],"wp:attachment":[{"href":"https:\/\/maghispan.es\/fr\/wp-json\/wp\/v2\/media?parent=2092"}],"curies":[{"name":"wp","href":"https:\/\/api.w.org\/{rel}","templated":true}]}}