{"id":2087,"date":"2025-05-20T11:15:08","date_gmt":"2025-05-20T09:15:08","guid":{"rendered":"https:\/\/maghispan.es\/energie-eoliennecomposants-electriques\/"},"modified":"2025-07-28T17:43:06","modified_gmt":"2025-07-28T15:43:06","slug":"energie-eoliennecomposants-electriques","status":"publish","type":"page","link":"https:\/\/maghispan.es\/fr\/energie-eoliennecomposants-electriques\/","title":{"rendered":"\u00c9nergie \u00e9olienne: composants \u00e9lectriques"},"content":{"rendered":"\n<div class=\"wp-block-group has-global-padding is-layout-constrained wp-block-group-is-layout-constrained\">\n<div class=\"wp-block-group has-global-padding is-layout-constrained wp-block-group-is-layout-constrained\" style=\"padding-bottom:var(--wp--preset--spacing--30)\">\n<p>Pour l&rsquo;industrie \u00e9olienne, nous proposons des <strong>composants \u00e9lectriques essentiels<\/strong> qui garantissent l&rsquo;efficacit\u00e9, la durabilit\u00e9 et la fiabilit\u00e9 des parcs \u00e9oliens.<\/p>\n\n\n\n<p>Nos produits comprennent des <strong>contacteurs et des connecteurs<\/strong> sp\u00e9cialement con\u00e7us <strong>pour les \u00e9oliennes et les tours d&rsquo;\u00e9oliennes<\/strong>, essentiels pour le contr\u00f4le et la distribution de l&rsquo;\u00e9nergie.<\/p>\n\n\n\n<p>Nous fournissons des <strong>solutions sur mesure<\/strong> par le biais de <strong>la fabrication et de la r\u00e9paration<\/strong>, garantissant des composants \u00e9oliens de haute qualit\u00e9 qui optimisent la dur\u00e9e de vie et les performances op\u00e9rationnelles des syst\u00e8mes.<\/p>\n<\/div>\n\n\n\n<figure class=\"wp-block-image size-large\"><img loading=\"lazy\" decoding=\"async\" width=\"1024\" height=\"567\" src=\"https:\/\/maghispan.es\/wp-content\/uploads\/2025\/05\/Sector-eolico-aparamenta-electrica-Maghispan-1024x567.jpg\" alt=\"Secteur de l'&#xE9;nergie &#xE9;olienne - appareillage de connexion \" class=\"wp-image-1685\" srcset=\"https:\/\/maghispan.es\/wp-content\/uploads\/2025\/05\/Sector-eolico-aparamenta-electrica-Maghispan-1024x567.jpg 1024w, https:\/\/maghispan.es\/wp-content\/uploads\/2025\/05\/Sector-eolico-aparamenta-electrica-Maghispan-300x166.jpg 300w, https:\/\/maghispan.es\/wp-content\/uploads\/2025\/05\/Sector-eolico-aparamenta-electrica-Maghispan-768x426.jpg 768w, https:\/\/maghispan.es\/wp-content\/uploads\/2025\/05\/Sector-eolico-aparamenta-electrica-Maghispan-1536x851.jpg 1536w, https:\/\/maghispan.es\/wp-content\/uploads\/2025\/05\/Sector-eolico-aparamenta-electrica-Maghispan.jpg 1920w\" sizes=\"auto, (max-width: 1024px) 100vw, 1024px\" \/><\/figure>\n\n\n\n<p style=\"padding-top:var(--wp--preset--spacing--30)\">Si vous avez besoin de conseils techniques, d&rsquo;informations plus d\u00e9taill\u00e9es ou d&rsquo;un devis personnalis\u00e9 sur nos produits destin\u00e9s au secteur de l&rsquo;\u00e9nergie \u00e9olienne, n&rsquo;h\u00e9sitez pas \u00e0 <a href=\"https:\/\/maghispan.es\/fr\/contact\/\" data-type=\"page\" data-id=\"20\">contacter <\/a>notre \u00e9quipe d&rsquo;ing\u00e9nieurs. Nous nous ferons un plaisir de vous aider. <\/p>\n<\/div>\n\n<p><\/p>\n","protected":false},"excerpt":{"rendered":"<p>Pour l&rsquo;industrie \u00e9olienne, nous proposons des composants \u00e9lectriques essentiels qui garantissent l&rsquo;efficacit\u00e9, la durabilit\u00e9 et la fiabilit\u00e9 des parcs \u00e9oliens. Nos produits comprennent des contacteurs et des connecteurs sp\u00e9cialement con\u00e7us pour les \u00e9oliennes et les tours d&rsquo;\u00e9oliennes, essentiels pour le contr\u00f4le et la distribution de l&rsquo;\u00e9nergie. Nous fournissons des solutions sur mesure par le biais [&hellip;]<\/p>\n","protected":false},"author":1,"featured_media":772,"parent":0,"menu_order":0,"comment_status":"closed","ping_status":"closed","template":"","meta":{"footnotes":""},"class_list":["post-2087","page","type-page","status-publish","has-post-thumbnail","hentry"],"jetpack_sharing_enabled":true,"_links":{"self":[{"href":"https:\/\/maghispan.es\/fr\/wp-json\/wp\/v2\/pages\/2087","targetHints":{"allow":["GET"]}}],"collection":[{"href":"https:\/\/maghispan.es\/fr\/wp-json\/wp\/v2\/pages"}],"about":[{"href":"https:\/\/maghispan.es\/fr\/wp-json\/wp\/v2\/types\/page"}],"author":[{"embeddable":true,"href":"https:\/\/maghispan.es\/fr\/wp-json\/wp\/v2\/users\/1"}],"replies":[{"embeddable":true,"href":"https:\/\/maghispan.es\/fr\/wp-json\/wp\/v2\/comments?post=2087"}],"version-history":[{"count":3,"href":"https:\/\/maghispan.es\/fr\/wp-json\/wp\/v2\/pages\/2087\/revisions"}],"predecessor-version":[{"id":2091,"href":"https:\/\/maghispan.es\/fr\/wp-json\/wp\/v2\/pages\/2087\/revisions\/2091"}],"wp:featuredmedia":[{"embeddable":true,"href":"https:\/\/maghispan.es\/fr\/wp-json\/wp\/v2\/media\/772"}],"wp:attachment":[{"href":"https:\/\/maghispan.es\/fr\/wp-json\/wp\/v2\/media?parent=2087"}],"curies":[{"name":"wp","href":"https:\/\/api.w.org\/{rel}","templated":true}]}}