{"id":2081,"date":"2025-07-28T17:25:55","date_gmt":"2025-07-28T15:25:55","guid":{"rendered":"https:\/\/maghispan.es\/?page_id=2081"},"modified":"2025-09-19T18:22:47","modified_gmt":"2025-09-19T16:22:47","slug":"contacts-electriques-ferroviaires-et-tresses-de-cuivre","status":"publish","type":"page","link":"https:\/\/maghispan.es\/fr\/contacts-electriques-ferroviaires-et-tresses-de-cuivre\/","title":{"rendered":"Contacts \u00e9lectriques ferroviaires et tresses de cuivre"},"content":{"rendered":"\n<div class=\"wp-block-group has-global-padding is-layout-constrained wp-block-group-is-layout-constrained\">\n<div class=\"wp-block-group has-global-padding is-layout-constrained wp-block-group-is-layout-constrained\" style=\"padding-top:0;padding-bottom:var(--wp--preset--spacing--30)\">\n<p>Nous d\u00e9veloppons et r\u00e9parons des composants \u00e9lectriques essentiels qui garantissent l&rsquo;efficacit\u00e9 et la s\u00e9curit\u00e9 des trains.<\/p>\n\n\n\n<p>Nos produits comprennent des contacts de traction \u00e9lectrique, des tresses de cuivre pour la connexion et la mise \u00e0 la terre, des connecteurs et des broches de contact pour les syst\u00e8mes de couplage.<\/p>\n\n\n\n<p>En outre, nous fabriquons des tresses de cuivre flexibles sur mesure en plusieurs sections, con\u00e7ues pour absorber les vibrations et compenser les d\u00e9placements dans les syst\u00e8mes \u00e9lectriques ferroviaires exigeants.<\/p>\n<\/div>\n\n\n\n<figure class=\"wp-block-image size-large\"><img loading=\"lazy\" decoding=\"async\" width=\"1024\" height=\"567\" src=\"https:\/\/maghispan.es\/wp-content\/uploads\/2025\/05\/Sector-ferroviario-aparamenta-electrica-Maghispan-1024x567.jpg\" alt=\"railway: manufacture and repair of electrical contacts and copper braids\n\nContacts \u00e9lectriques ferroviaires et tresses de cuivre\" class=\"wp-image-1635\" srcset=\"https:\/\/maghispan.es\/wp-content\/uploads\/2025\/05\/Sector-ferroviario-aparamenta-electrica-Maghispan-1024x567.jpg 1024w, https:\/\/maghispan.es\/wp-content\/uploads\/2025\/05\/Sector-ferroviario-aparamenta-electrica-Maghispan-300x166.jpg 300w, https:\/\/maghispan.es\/wp-content\/uploads\/2025\/05\/Sector-ferroviario-aparamenta-electrica-Maghispan-768x426.jpg 768w, https:\/\/maghispan.es\/wp-content\/uploads\/2025\/05\/Sector-ferroviario-aparamenta-electrica-Maghispan-1536x851.jpg 1536w, https:\/\/maghispan.es\/wp-content\/uploads\/2025\/05\/Sector-ferroviario-aparamenta-electrica-Maghispan.jpg 1920w\" sizes=\"auto, (max-width: 1024px) 100vw, 1024px\" \/><\/figure>\n\n\n\n<p style=\"padding-top:var(--wp--preset--spacing--30)\">Pour des demandes techniques, des informations d\u00e9taill\u00e9es ou des devis sp\u00e9cifiques sur nos produits pour le secteur ferroviaire, n&rsquo;h\u00e9sitez pas \u00e0 <a href=\"https:\/\/maghispan.es\/fr\/contact\/\">contacter <\/a>notre \u00e9quipe d&rsquo;ing\u00e9nieurs. Nous nous ferons un plaisir de vous aider.<\/p>\n<\/div>\n","protected":false},"excerpt":{"rendered":"<p>Nous d\u00e9veloppons et r\u00e9parons des composants \u00e9lectriques essentiels qui garantissent l&rsquo;efficacit\u00e9 et la s\u00e9curit\u00e9 des trains. Nos produits comprennent des contacts de traction \u00e9lectrique, des tresses de cuivre pour la connexion et la mise \u00e0 la terre, des connecteurs et des broches de contact pour les syst\u00e8mes de couplage. En outre, nous fabriquons des tresses [&hellip;]<\/p>\n","protected":false},"author":1,"featured_media":0,"parent":0,"menu_order":0,"comment_status":"closed","ping_status":"closed","template":"","meta":{"footnotes":""},"class_list":["post-2081","page","type-page","status-publish","hentry"],"jetpack_sharing_enabled":true,"_links":{"self":[{"href":"https:\/\/maghispan.es\/fr\/wp-json\/wp\/v2\/pages\/2081","targetHints":{"allow":["GET"]}}],"collection":[{"href":"https:\/\/maghispan.es\/fr\/wp-json\/wp\/v2\/pages"}],"about":[{"href":"https:\/\/maghispan.es\/fr\/wp-json\/wp\/v2\/types\/page"}],"author":[{"embeddable":true,"href":"https:\/\/maghispan.es\/fr\/wp-json\/wp\/v2\/users\/1"}],"replies":[{"embeddable":true,"href":"https:\/\/maghispan.es\/fr\/wp-json\/wp\/v2\/comments?post=2081"}],"version-history":[{"count":2,"href":"https:\/\/maghispan.es\/fr\/wp-json\/wp\/v2\/pages\/2081\/revisions"}],"predecessor-version":[{"id":2084,"href":"https:\/\/maghispan.es\/fr\/wp-json\/wp\/v2\/pages\/2081\/revisions\/2084"}],"wp:attachment":[{"href":"https:\/\/maghispan.es\/fr\/wp-json\/wp\/v2\/media?parent=2081"}],"curies":[{"name":"wp","href":"https:\/\/api.w.org\/{rel}","templated":true}]}}