{"id":1373,"date":"2025-01-09T13:05:49","date_gmt":"2025-01-09T12:05:49","guid":{"rendered":"https:\/\/maghispan.es\/secteurs\/"},"modified":"2025-07-28T18:07:02","modified_gmt":"2025-07-28T16:07:02","slug":"secteurs","status":"publish","type":"page","link":"https:\/\/maghispan.es\/fr\/secteurs\/","title":{"rendered":"Secteurs"},"content":{"rendered":"\n<div class=\"wp-block-group alignwide is-layout-flow wp-container-core-group-is-layout-4137fa52 wp-block-group-is-layout-flow\" style=\"margin-top:0px;margin-bottom:0px;padding-top:0px;padding-right:0px;padding-bottom:0px;padding-left:0px\">\n<div class=\"wp-block-columns is-layout-flex wp-container-core-columns-is-layout-28f84493 wp-block-columns-is-layout-flex\">\n<div class=\"wp-block-column is-layout-flow wp-block-column-is-layout-flow\" id=\"ferrocarril\">\n<h2 class=\"wp-block-heading alignwide has-primary-color has-text-color has-link-color has-x-large-font-size wp-elements-be47462c8b59d308ab9385efb7e3a7f0\" style=\"font-style:normal;font-weight:500\">Chemins de fer<\/h2>\n\n\n\n<figure class=\"wp-block-image size-large\"><a href=\"https:\/\/maghispan.es\/fr\/contacts-electriques-ferroviaires-et-tresses-de-cuivre\/\"><img loading=\"lazy\" decoding=\"async\" width=\"1024\" height=\"567\" src=\"https:\/\/maghispan.es\/wp-content\/uploads\/2025\/01\/maghispan_ferrocarril-1024x567.jpg\" alt=\"Image par\" class=\"wp-image-178\" srcset=\"https:\/\/maghispan.es\/wp-content\/uploads\/2025\/01\/maghispan_ferrocarril-1024x567.jpg 1024w, https:\/\/maghispan.es\/wp-content\/uploads\/2025\/01\/maghispan_ferrocarril-300x166.jpg 300w, https:\/\/maghispan.es\/wp-content\/uploads\/2025\/01\/maghispan_ferrocarril-768x426.jpg 768w, https:\/\/maghispan.es\/wp-content\/uploads\/2025\/01\/maghispan_ferrocarril-1536x851.jpg 1536w, https:\/\/maghispan.es\/wp-content\/uploads\/2025\/01\/maghispan_ferrocarril.jpg 1920w\" sizes=\"auto, (max-width: 1024px) 100vw, 1024px\" \/><\/a><\/figure>\n\n\n\n<p>Dans le <strong>secteur ferroviaire<\/strong>, nous fabriquons des composants essentiels \u00e0 l&rsquo;efficacit\u00e9 et \u00e0 la s\u00e9curit\u00e9 des trains, tels que des contacts pour l&rsquo;\u00e9quipement de traction, des tresses de mise \u00e0 la terre et des broches \u00e9lectriques pour les attelages. Nous garantissons la meilleure qualit\u00e9 et la plus grande fiabilit\u00e9 pour chaque pi\u00e8ce.<\/p>\n<\/div>\n\n\n\n<div class=\"wp-block-column is-layout-flow wp-block-column-is-layout-flow\" style=\"padding-top:0;padding-right:0;padding-bottom:0;padding-left:0\" id=\"eolica\">\n<h2 class=\"wp-block-heading alignwide has-primary-color has-text-color has-link-color has-x-large-font-size wp-elements-55cf0cdcb4a2db1c9f408d9ff3d72e2a\" style=\"font-style:normal;font-weight:500\">Le vent<\/h2>\n\n\n\n<figure class=\"wp-block-image size-full\"><a href=\"https:\/\/maghispan.es\/fr\/energie-eoliennecomposants-electriques\/\"><img loading=\"lazy\" decoding=\"async\" width=\"1024\" height=\"567\" src=\"https:\/\/maghispan.es\/wp-content\/uploads\/2025\/01\/1-1.jpg\" alt=\"Image par\" class=\"wp-image-262\" srcset=\"https:\/\/maghispan.es\/wp-content\/uploads\/2025\/01\/1-1.jpg 1024w, https:\/\/maghispan.es\/wp-content\/uploads\/2025\/01\/1-1-300x166.jpg 300w, https:\/\/maghispan.es\/wp-content\/uploads\/2025\/01\/1-1-768x425.jpg 768w\" sizes=\"auto, (max-width: 1024px) 100vw, 1024px\" \/><\/a><\/figure>\n\n\n\n<p>Dans le <strong>secteur de l&rsquo;\u00e9nergie \u00e9olienne, nous<\/strong> proposons des services de r\u00e9paration et de r\u00e9vision pour les contacteurs de tours d&rsquo;\u00e9oliennes, afin de garantir leurs performances optimales et de prolonger leur dur\u00e9e de vie. Nous contribuons \u00e0 un circuit durable qui am\u00e9liore l&rsquo;efficacit\u00e9 op\u00e9rationnelle et r\u00e9duit les co\u00fbts pour nos clients.<\/p>\n<\/div>\n<\/div>\n\n\n\n<div style=\"height:82px;width:0px\" aria-hidden=\"true\" class=\"wp-block-spacer\"><\/div>\n\n\n\n<div class=\"wp-block-columns is-layout-flex wp-container-core-columns-is-layout-28f84493 wp-block-columns-is-layout-flex\">\n<div class=\"wp-block-column is-layout-flow wp-block-column-is-layout-flow\" id=\"distribucion-energia\">\n<h2 class=\"wp-block-heading alignwide has-primary-color has-text-color has-link-color has-x-large-font-size wp-elements-222c524df24ac4efbed1c598a2ed77ee\" style=\"font-style:normal;font-weight:500\">Distribution de l&rsquo;\u00e9nergie<\/h2>\n\n\n\n<figure class=\"wp-block-image size-full\"><a href=\"https:\/\/maghispan.es\/fr\/distribution-electrique-equipements-de-reseau-et-de-poste\/\"><img loading=\"lazy\" decoding=\"async\" width=\"1024\" height=\"567\" src=\"https:\/\/maghispan.es\/wp-content\/uploads\/2025\/01\/2.jpg\" alt=\"Image par\" class=\"wp-image-263\" srcset=\"https:\/\/maghispan.es\/wp-content\/uploads\/2025\/01\/2.jpg 1024w, https:\/\/maghispan.es\/wp-content\/uploads\/2025\/01\/2-300x166.jpg 300w, https:\/\/maghispan.es\/wp-content\/uploads\/2025\/01\/2-768x425.jpg 768w\" sizes=\"auto, (max-width: 1024px) 100vw, 1024px\" \/><\/a><\/figure>\n\n\n\n<p>Dans le <strong>secteur de la distribution d&rsquo;\u00e9nergie<\/strong>, nous fabriquons des composants \u00e9lectrom\u00e9caniques sur mesure, en nous adaptant aux besoins et aux sp\u00e9cifications de chaque client. En outre, nous proposons des services complets de r\u00e9paration et de pi\u00e8ces d\u00e9tach\u00e9es afin de garantir les performances optimales des \u00e9quipements \u00e9lectrom\u00e9caniques.<\/p>\n<\/div>\n\n\n\n<div class=\"wp-block-column is-layout-flow wp-block-column-is-layout-flow\" style=\"padding-top:0;padding-right:0;padding-bottom:0;padding-left:0\" id=\"industria\">\n<h2 class=\"wp-block-heading alignwide has-primary-color has-text-color has-link-color has-x-large-font-size wp-elements-448574ed9b0fa4e848333c4b5fe0ccc4\" style=\"font-style:normal;font-weight:500\">L&rsquo;industrie<\/h2>\n\n\n\n<figure class=\"wp-block-image size-full\"><a href=\"https:\/\/maghispan.es\/fr\/lindustrie-fourniture-et-reparation-de-contacts-electromecaniques\/\"><img loading=\"lazy\" decoding=\"async\" width=\"1024\" height=\"567\" src=\"https:\/\/maghispan.es\/wp-content\/uploads\/2025\/01\/3.jpg\" alt=\"Image par\" class=\"wp-image-264\" srcset=\"https:\/\/maghispan.es\/wp-content\/uploads\/2025\/01\/3.jpg 1024w, https:\/\/maghispan.es\/wp-content\/uploads\/2025\/01\/3-300x166.jpg 300w, https:\/\/maghispan.es\/wp-content\/uploads\/2025\/01\/3-768x425.jpg 768w\" sizes=\"auto, (max-width: 1024px) 100vw, 1024px\" \/><\/a><\/figure>\n\n\n\n<p>Dans le <strong>secteur de l&rsquo;industrie lourde<\/strong>, nous fournissons des contacts \u00e9lectrom\u00e9caniques \u00e0 diverses entreprises et offrons des services de r\u00e9paration pour les grands \u00e9quipements. Notre exp\u00e9rience couvre un large \u00e9ventail d&rsquo;applications industrielles, c&rsquo;est pourquoi nous recommandons \u00e0 nos clients de nous consulter directement pour trouver des solutions personnalis\u00e9es \u00e0 leurs besoins.<\/p>\n<\/div>\n<\/div>\n<\/div>\n","protected":false},"excerpt":{"rendered":"<p>Chemins de fer Dans le secteur ferroviaire, nous fabriquons des composants essentiels \u00e0 l&rsquo;efficacit\u00e9 et \u00e0 la s\u00e9curit\u00e9 des trains, tels que des contacts pour l&rsquo;\u00e9quipement de traction, des tresses de mise \u00e0 la terre et des broches \u00e9lectriques pour les attelages. Nous garantissons la meilleure qualit\u00e9 et la plus grande fiabilit\u00e9 pour chaque pi\u00e8ce. [&hellip;]<\/p>\n","protected":false},"author":1,"featured_media":816,"parent":0,"menu_order":0,"comment_status":"closed","ping_status":"closed","template":"","meta":{"footnotes":""},"class_list":["post-1373","page","type-page","status-publish","has-post-thumbnail","hentry"],"jetpack_sharing_enabled":true,"_links":{"self":[{"href":"https:\/\/maghispan.es\/fr\/wp-json\/wp\/v2\/pages\/1373","targetHints":{"allow":["GET"]}}],"collection":[{"href":"https:\/\/maghispan.es\/fr\/wp-json\/wp\/v2\/pages"}],"about":[{"href":"https:\/\/maghispan.es\/fr\/wp-json\/wp\/v2\/types\/page"}],"author":[{"embeddable":true,"href":"https:\/\/maghispan.es\/fr\/wp-json\/wp\/v2\/users\/1"}],"replies":[{"embeddable":true,"href":"https:\/\/maghispan.es\/fr\/wp-json\/wp\/v2\/comments?post=1373"}],"version-history":[{"count":6,"href":"https:\/\/maghispan.es\/fr\/wp-json\/wp\/v2\/pages\/1373\/revisions"}],"predecessor-version":[{"id":2101,"href":"https:\/\/maghispan.es\/fr\/wp-json\/wp\/v2\/pages\/1373\/revisions\/2101"}],"wp:featuredmedia":[{"embeddable":true,"href":"https:\/\/maghispan.es\/fr\/wp-json\/wp\/v2\/media\/816"}],"wp:attachment":[{"href":"https:\/\/maghispan.es\/fr\/wp-json\/wp\/v2\/media?parent=1373"}],"curies":[{"name":"wp","href":"https:\/\/api.w.org\/{rel}","templated":true}]}}