{"id":1366,"date":"2024-09-23T11:20:49","date_gmt":"2024-09-23T09:20:49","guid":{"rendered":"https:\/\/maghispan.es\/politique-en-matiere-de-cookies\/"},"modified":"2025-07-25T16:16:52","modified_gmt":"2025-07-25T14:16:52","slug":"politique-en-matiere-de-cookies","status":"publish","type":"page","link":"https:\/\/maghispan.es\/fr\/politique-en-matiere-de-cookies\/","title":{"rendered":"Politique en mati\u00e8re de cookies"},"content":{"rendered":"\n<h2 class=\"wp-block-heading has-large-font-size\" style=\"font-style:normal;font-weight:600\">1. introduction<\/h2>\n\n<p>Notre site web, <a href=\"https:\/\/maghispan.es\/fr\/\">https:\/\/maghispan.es<\/a> (ci-apr\u00e8s : \u00ab\u00a0le site web\u00a0\u00bb) utilise des cookies et d&rsquo;autres technologies connexes (par commodit\u00e9, toutes les technologies sont d\u00e9sign\u00e9es par le terme \u00ab\u00a0cookies\u00a0\u00bb). Des cookies sont \u00e9galement plac\u00e9s par des tiers avec lesquels nous avons pass\u00e9 des contrats. Dans le document suivant, nous vous informons sur l&rsquo;utilisation des cookies sur notre site web.  <\/p>\n\n<h2 class=\"wp-block-heading has-large-font-size\" style=\"margin-top:var(--wp--preset--spacing--40);font-style:normal;font-weight:600\">2) Qu&rsquo;est-ce qu&rsquo;un cookie ?<\/h2>\n\n<p>Un cookie est un petit fichier envoy\u00e9 avec les pages de ce site web et stock\u00e9 par votre navigateur sur le disque dur de votre ordinateur ou sur un autre dispositif. Les informations stock\u00e9es peuvent \u00eatre renvoy\u00e9es \u00e0 nos serveurs ou \u00e0 des serveurs tiers appropri\u00e9s lors d&rsquo;une visite ult\u00e9rieure. <\/p>\n\n<h2 class=\"wp-block-heading has-large-font-size\" style=\"margin-top:var(--wp--preset--spacing--40);font-style:normal;font-weight:600\">3) Qu&rsquo;est-ce qu&rsquo;un script ?<\/h2>\n\n<p>Un script est un morceau de code de programme qui est utilis\u00e9 pour faire fonctionner notre site web correctement et de mani\u00e8re interactive. Ce code s&rsquo;ex\u00e9cute sur notre serveur ou sur votre appareil. <\/p>\n\n<h2 class=\"wp-block-heading has-large-font-size\" style=\"margin-top:var(--wp--preset--spacing--40);font-style:normal;font-weight:600\">4. qu&rsquo;est-ce qu&rsquo;une balise web ?<\/h2>\n\n<p>Une balise web (ou pixel tag) est un petit \u00e9l\u00e9ment invisible de texte ou d&rsquo;image sur un site web qui est utilis\u00e9 pour surveiller le trafic sur un site web. Pour ce faire, diverses donn\u00e9es vous concernant sont stock\u00e9es par ces balises web. <\/p>\n\n<h2 class=\"wp-block-heading has-large-font-size\" style=\"margin-top:var(--wp--preset--spacing--40);font-style:normal;font-weight:600\">5. Cookies<\/h2>\n\n<p><strong>5.1 Cookies techniques ou fonctionnels<\/strong><\/p>\n\n<p>Certains cookies garantissent le bon fonctionnement de certaines parties du site web et la m\u00e9morisation de vos pr\u00e9f\u00e9rences d&rsquo;utilisateur. En pla\u00e7ant des cookies fonctionnels, nous facilitons votre visite sur notre site web. Ainsi, vous n&rsquo;avez pas besoin de saisir plusieurs fois les m\u00eames informations lorsque vous visitez notre site web et, par exemple, les articles restent dans votre panier jusqu&rsquo;\u00e0 ce que vous les ayez pay\u00e9s. Nous pouvons placer ces cookies sans votre consentement.   <\/p>\n\n<p><strong>5.2 Cookies statistiques<\/strong><\/p>\n\n<p>Nous utilisons des cookies statistiques pour optimiser l&rsquo;exp\u00e9rience de nos utilisateurs sur le site web. Ces cookies statistiques nous permettent d&rsquo;obtenir des informations sur l&rsquo;utilisation de notre site web. Nous vous demandons votre autorisation pour placer des cookies statistiques.  <\/p>\n\n<p><strong>5.3 Cookies de marketing\/tra\u00e7age<\/strong><\/p>\n\n<p>Les cookies de marketing\/tra\u00e7age sont des cookies, ou toute autre forme de stockage local, utilis\u00e9s pour cr\u00e9er des profils d&rsquo;utilisateurs afin d&rsquo;afficher de la publicit\u00e9 ou de suivre l&rsquo;utilisateur sur ce site web ou sur divers sites web \u00e0 des fins de marketing similaires.<\/p>\n\n<p><strong>5.4 R\u00e9seaux sociaux<\/strong><\/p>\n\n<p>Nous avons int\u00e9gr\u00e9 du contenu provenant d&rsquo;Instagram et de Facebook sur notre site web afin de promouvoir des sites web (par exemple \u00a0\u00bb Like \u00ab\u00a0, \u00a0\u00bb Pin \u00ab\u00a0) ou de les partager (par exemple \u00a0\u00bb Tweet \u00ab\u00a0) sur des r\u00e9seaux sociaux tels qu&rsquo;Instagram et Facebook. Ce contenu est int\u00e9gr\u00e9 avec un code d\u00e9riv\u00e9 d&rsquo;Instagram et de Facebook et stocke des cookies. Ce contenu peut traiter certaines informations pour des publicit\u00e9s personnalis\u00e9es.  <\/p>\n\n<p>Veuillez lire la politique de confidentialit\u00e9 de ces r\u00e9seaux sociaux (qui peut changer fr\u00e9quemment) pour savoir ce qu&rsquo;ils font de vos donn\u00e9es (personnelles) qu&rsquo;ils traitent \u00e0 l&rsquo;aide de ces cookies. Les donn\u00e9es qu&rsquo;ils re\u00e7oivent sont anonymis\u00e9es autant que possible. Instagram et Facebook sont situ\u00e9s aux \u00c9tats-Unis.  <\/p>\n\n<h2 class=\"wp-block-heading has-large-font-size\" style=\"margin-top:var(--wp--preset--spacing--40);font-style:normal;font-weight:600\">6. Cookies utilis\u00e9s<\/h2>\n\n<figure class=\"wp-block-table has-small-font-size\"><table><tbody><tr><td>Nom<\/td><td>Domaine<\/td><td>Expiration<\/td><td>Objectif<\/td><td>Propres parties\/Tiers parties<\/td><\/tr><tr><td><strong>_ga<\/strong><br\/>_gat<br\/>_gid<\/td><td>maghispan.co.uk<\/td><td>2 ans<\/td><td>Analytique : g\u00e9n\u00e9rer un identifiant d&rsquo;utilisateur unique, qui est utilis\u00e9 pour compter le nombre de fois qu&rsquo;un utilisateur visite le site, ainsi que la date de la premi\u00e8re et de la derni\u00e8re visite sur le site web. Enregistrer la date et l&rsquo;heure d&rsquo;acc\u00e8s \u00e0 l&rsquo;une des pages du site. V\u00e9rifier la n\u00e9cessit\u00e9 de maintenir ouverte la session d&rsquo;un utilisateur ou d&rsquo;en cr\u00e9er une nouvelle. Identifier la session de l&rsquo;utilisateur, afin de collecter la localisation g\u00e9ographique approximative de l&rsquo;ordinateur acc\u00e9dant au site \u00e0 des fins statistiques.   <\/td><td>Tiers<\/td><\/tr><tr><td>GRECAPTCHA<\/td><td>google.com<\/td><td>1 an<\/td><td>Utilis\u00e9 par le service GOOGLE RECAPTCHA dans les formulaires pour \u00e9viter le SPAM.<\/td><td>Obligatoire, Tiers \/ Google<\/td><\/tr><tr><td>sciCookies<\/td><td>maghispan.co.uk<\/td><td>1 jour<\/td><td>Contr\u00f4le de l&rsquo;apparition et de l&rsquo;acceptation de l&rsquo;avertissement relatif aux cookies.<\/td><td>N\u00e9cessaire \/ propre<\/td><\/tr><tr><td>sciCookiesConf<\/td><td>maghispan.co.uk<\/td><td>1 jour<\/td><td>Contr\u00f4ler les param\u00e8tres des cookies s\u00e9lectionn\u00e9s par l&rsquo;utilisateur<\/td><td>N\u00e9cessaire \/ propre<\/td><\/tr><\/tbody><\/table><\/figure>\n\n<h2 class=\"wp-block-heading has-large-font-size\" style=\"margin-top:var(--wp--preset--spacing--40);font-style:normal;font-weight:600\">7. Consentement<\/h2>\n\n<p>Lorsque vous visitez notre site web pour la premi\u00e8re fois, nous affichons une fen\u00eatre contextuelle contenant des explications sur les cookies. D\u00e8s que vous cliquez sur \u00ab\u00a0Enregistrer les pr\u00e9f\u00e9rences\u00a0\u00bb, vous acceptez que nous utilisions les cat\u00e9gories de cookies et de plugins que vous avez s\u00e9lectionn\u00e9es dans la fen\u00eatre contextuelle, comme d\u00e9crit dans la pr\u00e9sente politique en mati\u00e8re de cookies. Vous pouvez d\u00e9sactiver l&rsquo;utilisation des cookies via votre navigateur, mais veuillez noter que notre site web pourrait ne plus fonctionner correctement.  <\/p>\n\n<p><strong>7.1 G\u00e9rer vos param\u00e8tres de consentement<\/strong><\/p>\n\n<div class=\"wp-block-buttons is-content-justification-center is-layout-flex wp-container-core-buttons-is-layout-a89b3969 wp-block-buttons-is-layout-flex\">\n<div class=\"wp-block-button cookies-banner__botones--configurar\"><a class=\"wp-block-button__link wp-element-button\">D\u00e9finir les cookies<\/a><\/div>\n<\/div>\n\n<h2 class=\"wp-block-heading has-large-font-size\" style=\"margin-top:var(--wp--preset--spacing--40);font-style:normal;font-weight:600\">8. Activation\/d\u00e9sactivation et suppression des cookies<\/h2>\n\n<p>Vous pouvez utiliser votre navigateur Internet pour supprimer les cookies automatiquement ou manuellement. Vous pouvez \u00e9galement sp\u00e9cifier que certains cookies ne peuvent pas \u00eatre plac\u00e9s. Vous pouvez \u00e9galement modifier les param\u00e8tres de votre navigateur Internet de mani\u00e8re \u00e0 recevoir un message chaque fois qu&rsquo;un cookie est plac\u00e9. Pour plus d&rsquo;informations sur ces options, veuillez vous r\u00e9f\u00e9rer aux instructions de la section \u00ab\u00a0Aide\u00a0\u00bb de votre navigateur.   <\/p>\n\n<p>Veuillez noter que notre site web peut ne pas fonctionner correctement si tous les cookies sont d\u00e9sactiv\u00e9s. Si vous supprimez les cookies de votre navigateur, ils seront \u00e0 nouveau plac\u00e9s apr\u00e8s votre consentement lorsque vous visiterez \u00e0 nouveau nos sites web. <\/p>\n\n<h2 class=\"wp-block-heading has-large-font-size\" style=\"margin-top:var(--wp--preset--spacing--40);font-style:normal;font-weight:600\">9. Vos droits en mati\u00e8re de donn\u00e9es \u00e0 caract\u00e8re personnel<\/h2>\n\n<p>Vous disposez des droits suivants en ce qui concerne vos donn\u00e9es personnelles :<\/p>\n\n<ul class=\"wp-block-list\">\n<li>Vous avez le droit de savoir pourquoi vos donn\u00e9es personnelles sont n\u00e9cessaires, ce qu&rsquo;il en adviendra et combien de temps elles seront conserv\u00e9es.<\/li>\n\n\n\n<li>Droit d&rsquo;acc\u00e8s : vous avez le droit d&rsquo;acc\u00e9der aux donn\u00e9es personnelles que nous d\u00e9tenons \u00e0 votre sujet.<\/li>\n\n\n\n<li>Droit de rectification : vous avez le droit de compl\u00e9ter, de rectifier, de supprimer ou de bloquer vos donn\u00e9es personnelles \u00e0 tout moment.<\/li>\n\n\n\n<li>Si vous nous donnez votre accord pour traiter vos donn\u00e9es, vous avez le droit de r\u00e9voquer cet accord et de faire effacer vos donn\u00e9es personnelles.<\/li>\n\n\n\n<li>Droit de transf\u00e9rer vos donn\u00e9es : vous avez le droit de demander au responsable du traitement de vous communiquer toutes vos donn\u00e9es \u00e0 caract\u00e8re personnel et de les transf\u00e9rer int\u00e9gralement \u00e0 un autre responsable du traitement.<\/li>\n\n\n\n<li>Droit d&rsquo;opposition : vous pouvez vous opposer au traitement de vos donn\u00e9es. Nous nous y conformons, \u00e0 moins qu&rsquo;il n&rsquo;existe des motifs justifi\u00e9s pour le traitement. <\/li>\n<\/ul>\n\n<p>Pour exercer ces droits, veuillez nous contacter. Vous trouverez nos coordonn\u00e9es au bas de la pr\u00e9sente politique en mati\u00e8re de cookies. Si vous avez des r\u00e9clamations concernant la mani\u00e8re dont nous traitons vos donn\u00e9es, nous aimerions les entendre, mais vous avez \u00e9galement le droit de d\u00e9poser une plainte aupr\u00e8s de l&rsquo;autorit\u00e9 de surveillance (l&rsquo;autorit\u00e9 de protection des donn\u00e9es).  <\/p>\n\n<h2 class=\"wp-block-heading has-large-font-size\" style=\"margin-top:var(--wp--preset--spacing--40);font-style:normal;font-weight:600\">10. Coordonn\u00e9es des personnes \u00e0 contacter<\/h2>\n\n<p>Pour toute question et\/ou commentaire concernant notre politique en mati\u00e8re de cookies et la pr\u00e9sente d\u00e9claration, veuillez nous contacter en utilisant les coordonn\u00e9es ci-dessous :<\/p>\n\n<p><strong>MAGHISPAN APARELLAJE EL\u00c9CTRICO S.L.U.<\/strong><br\/>C\/ de la Fundici\u00f3n n\u00ba 13, Rivas &#8211; Vaciamadrid 28522- MADRID<br\/>Web <a href=\"https:\/\/maghispan.es\/fr\/\">:<\/a> https:\/\/maghispan.es<br\/>E-mail : <a href=\"mailto:info@maghispan.es\">info@maghispan.es<\/a><br\/>Num\u00e9ro de t\u00e9l\u00e9phone : <a href=\"tel:34917791130\">91 779 11 30<\/a><\/p>\n","protected":false},"excerpt":{"rendered":"<p>1. introduction Notre site web, https:\/\/maghispan.es (ci-apr\u00e8s : \u00ab\u00a0le site web\u00a0\u00bb) utilise des cookies et d&rsquo;autres technologies connexes (par commodit\u00e9, toutes les technologies sont d\u00e9sign\u00e9es par le terme \u00ab\u00a0cookies\u00a0\u00bb). Des cookies sont \u00e9galement plac\u00e9s par des tiers avec lesquels nous avons pass\u00e9 des contrats. Dans le document suivant, nous vous informons sur l&rsquo;utilisation des cookies [&hellip;]<\/p>\n","protected":false},"author":1,"featured_media":0,"parent":0,"menu_order":0,"comment_status":"closed","ping_status":"closed","template":"","meta":{"footnotes":""},"class_list":["post-1366","page","type-page","status-publish","hentry"],"jetpack_sharing_enabled":true,"_links":{"self":[{"href":"https:\/\/maghispan.es\/fr\/wp-json\/wp\/v2\/pages\/1366","targetHints":{"allow":["GET"]}}],"collection":[{"href":"https:\/\/maghispan.es\/fr\/wp-json\/wp\/v2\/pages"}],"about":[{"href":"https:\/\/maghispan.es\/fr\/wp-json\/wp\/v2\/types\/page"}],"author":[{"embeddable":true,"href":"https:\/\/maghispan.es\/fr\/wp-json\/wp\/v2\/users\/1"}],"replies":[{"embeddable":true,"href":"https:\/\/maghispan.es\/fr\/wp-json\/wp\/v2\/comments?post=1366"}],"version-history":[{"count":2,"href":"https:\/\/maghispan.es\/fr\/wp-json\/wp\/v2\/pages\/1366\/revisions"}],"predecessor-version":[{"id":1943,"href":"https:\/\/maghispan.es\/fr\/wp-json\/wp\/v2\/pages\/1366\/revisions\/1943"}],"wp:attachment":[{"href":"https:\/\/maghispan.es\/fr\/wp-json\/wp\/v2\/media?parent=1366"}],"curies":[{"name":"wp","href":"https:\/\/api.w.org\/{rel}","templated":true}]}}