{"id":1361,"date":"2025-01-13T12:44:47","date_gmt":"2025-01-13T11:44:47","guid":{"rendered":"https:\/\/maghispan.es\/politique-en-matiere-de-systemes-de-gestion-integres\/"},"modified":"2025-07-25T17:19:14","modified_gmt":"2025-07-25T15:19:14","slug":"politique-en-matiere-de-systemes-de-gestion-integres","status":"publish","type":"page","link":"https:\/\/maghispan.es\/fr\/politique-en-matiere-de-systemes-de-gestion-integres\/","title":{"rendered":"Politique en mati\u00e8re de syst\u00e8mes de gestion int\u00e9gr\u00e9s"},"content":{"rendered":"\n<div class=\"wp-block-group alignwide is-layout-flow wp-block-group-is-layout-flow\">\n<p>La Direction de MAGHISPAN APARELLAJE ELECTRICO, SL, entreprise d\u00e9di\u00e9e depuis plus de 30 ans \u00e0 la fabrication et \u00e0 la r\u00e9paration de contacts \u00e9lectriques en alliages d&rsquo;argent fritt\u00e9 pour appareillages \u00e9lectriques, et consciente des exigences des parties int\u00e9ress\u00e9es (clients, organisations gouvernementales et non gouvernementales, actionnaires, fournisseurs) en ce qui concerne les processus de qualit\u00e9, d&rsquo;environnement, de sant\u00e9 et de s\u00e9curit\u00e9 au travail, a \u00e9tabli que toutes les personnes appartenant \u00e0 l&rsquo;entreprise sont tenues de respecter les actions \u00e9tablies dans la DOCUMENTATION pr\u00e9par\u00e9e pour le Syst\u00e8me de Gestion mis en place dans celle-ci, afin d&rsquo;atteindre comme objectif futur ZERO NON NON NON NON CHANGEMENTS dans les processus, et de respecter les actions \u00e9tablies dans la DOCUMENTATION pr\u00e9par\u00e9e pour le Syst\u00e8me de Gestion mis en place dans celle-ci, a \u00e9tabli que toutes les personnes appartenant \u00e0 la soci\u00e9t\u00e9 sont tenues de respecter les actions \u00e9tablies dans la DOCUMENTATION \u00e9labor\u00e9e pour le syst\u00e8me de gestion mis en \u0153uvre dans celle-ci, dans le but d&rsquo;atteindre Z\u00c9RO NON-CONFORMIT\u00c9 comme objectif futur, conform\u00e9ment \u00e0 la l\u00e9gislation en vigueur, au respect de la qualit\u00e9, de l&rsquo;environnement, de la pr\u00e9vention des risques professionnels, de la qualit\u00e9 de Ferrovial et de la satisfaction de ses exigences.<\/p>\n\n\n\n<p>Environnement<\/p>\n\n\n\n<ul class=\"wp-block-list\">\n<li>Nous rendrons compte des impacts environnementaux que nous consid\u00e9rons comme significatifs \u00e0 toute personne qui en fera la demande.<\/li>\n\n\n\n<li>Nous respectons les lois sur l&rsquo;environnement et les autres exigences environnementales.<\/li>\n\n\n\n<li>Nous nous engageons \u00e0 pr\u00e9venir la pollution et \u00e0 promouvoir le recyclage, en utilisant les meilleures techniques disponibles.<\/li>\n\n\n\n<li>Nous conseillons et formons notre personnel et nos clients \u00e0 l&rsquo;am\u00e9lioration de l&rsquo;environnement.<\/li>\n\n\n\n<li>Nous respectons les exigences l\u00e9gales applicables.<\/li>\n<\/ul>\n\n\n\n<p>Sant\u00e9 et s\u00e9curit\u00e9 au travail.<\/p>\n\n\n\n<ul class=\"wp-block-list\">\n<li>Notre priorit\u00e9 est de prot\u00e9ger la sant\u00e9 et la s\u00e9curit\u00e9 de nos travailleurs et de ceux qui agissent en notre nom, en pr\u00e9venant les dommages et en surveillant leur sant\u00e9.<\/li>\n\n\n\n<li>Nous nous engageons \u00e0 \u00e9liminer les dangers et \u00e0 r\u00e9duire les risques en mati\u00e8re de sant\u00e9 et de s\u00e9curit\u00e9 au travail<\/li>\n\n\n\n<li>Nous nous conformons aux exigences l\u00e9gales applicables et aux exigences internes de l&rsquo;entreprise en mati\u00e8re de sant\u00e9 et de s\u00e9curit\u00e9 au travail<\/li>\n\n\n\n<li>Nous nous engageons \u00e0 tenir compte de toutes les consultations et \u00e0 promouvoir la participation des travailleurs.<\/li>\n\n\n\n<li>Nous avons mis en place un syst\u00e8me de gestion de la sant\u00e9 et de la s\u00e9curit\u00e9 au travail int\u00e9gr\u00e9 \u00e0 toutes les activit\u00e9s de l&rsquo;entreprise.<\/li>\n<\/ul>\n\n\n\n<p>Ferrovial Safety<\/p>\n\n\n\n<ul class=\"wp-block-list\">\n<li>D\u00e9veloppement et fabrication de produits hautement fiables et s\u00fbrs.<\/li>\n\n\n\n<li>Nous mettons \u00e0 la disposition de nos clients toutes nos ressources, notre exp\u00e9rience et notre connaissance du secteur industriel pour leur offrir la meilleure solution.<\/li>\n\n\n\n<li>Nous adaptons constamment notre travail pour \u00eatre leaders et travailler avec les innovations technologiques du march\u00e9.<\/li>\n\n\n\n<li>Nous travaillons avec des mat\u00e9riaux de grandes marques, en recherchant la productivit\u00e9, la qualit\u00e9, la s\u00e9curit\u00e9 et l&rsquo;efficacit\u00e9.<\/li>\n\n\n\n<li>Nous suivons une formation continue pour \u00eatre au courant de toutes les am\u00e9liorations technologiques et les avoir \u00e0 port\u00e9e de main.<\/li>\n<\/ul>\n\n\n\n<p>MAGHISPAN APARELLAJE ELECTRICO, SL s&rsquo;engage \u00e0 am\u00e9liorer continuellement l&rsquo;efficacit\u00e9 du syst\u00e8me au moyen d&rsquo;indicateurs de processus et d&rsquo;actions correctives et pr\u00e9ventives qui d\u00e9tectent les d\u00e9faillances ou les irr\u00e9gularit\u00e9s dans les proc\u00e9dures \u00e9tablies.<br>Pour ce faire, la DIRECTION mettra en place les moyens n\u00e9cessaires pour que sa politique soit comprise, appliqu\u00e9e et mise \u00e0 jour \u00e0 tous les niveaux de l&rsquo;organisation.<\/p>\n\n\n\n<p>Date 24.04.2025<\/p>\n<\/div>\n","protected":false},"excerpt":{"rendered":"<p>La Direction de MAGHISPAN APARELLAJE ELECTRICO, SL, entreprise d\u00e9di\u00e9e depuis plus de 30 ans \u00e0 la fabrication et \u00e0 la r\u00e9paration de contacts \u00e9lectriques en alliages d&rsquo;argent fritt\u00e9 pour appareillages \u00e9lectriques, et consciente des exigences des parties int\u00e9ress\u00e9es (clients, organisations gouvernementales et non gouvernementales, actionnaires, fournisseurs) en ce qui concerne les processus de qualit\u00e9, d&rsquo;environnement, [&hellip;]<\/p>\n","protected":false},"author":1,"featured_media":0,"parent":0,"menu_order":0,"comment_status":"closed","ping_status":"closed","template":"","meta":{"footnotes":""},"class_list":["post-1361","page","type-page","status-publish","hentry"],"jetpack_sharing_enabled":true,"_links":{"self":[{"href":"https:\/\/maghispan.es\/fr\/wp-json\/wp\/v2\/pages\/1361","targetHints":{"allow":["GET"]}}],"collection":[{"href":"https:\/\/maghispan.es\/fr\/wp-json\/wp\/v2\/pages"}],"about":[{"href":"https:\/\/maghispan.es\/fr\/wp-json\/wp\/v2\/types\/page"}],"author":[{"embeddable":true,"href":"https:\/\/maghispan.es\/fr\/wp-json\/wp\/v2\/users\/1"}],"replies":[{"embeddable":true,"href":"https:\/\/maghispan.es\/fr\/wp-json\/wp\/v2\/comments?post=1361"}],"version-history":[{"count":3,"href":"https:\/\/maghispan.es\/fr\/wp-json\/wp\/v2\/pages\/1361\/revisions"}],"predecessor-version":[{"id":1962,"href":"https:\/\/maghispan.es\/fr\/wp-json\/wp\/v2\/pages\/1361\/revisions\/1962"}],"wp:attachment":[{"href":"https:\/\/maghispan.es\/fr\/wp-json\/wp\/v2\/media?parent=1361"}],"curies":[{"name":"wp","href":"https:\/\/api.w.org\/{rel}","templated":true}]}}