{"id":1358,"date":"2024-09-23T11:20:40","date_gmt":"2024-09-23T09:20:40","guid":{"rendered":"https:\/\/maghispan.es\/politique-de-confidentialite\/"},"modified":"2025-07-25T16:14:02","modified_gmt":"2025-07-25T14:14:02","slug":"politique-de-confidentialite","status":"publish","type":"page","link":"https:\/\/maghispan.es\/fr\/politique-de-confidentialite\/","title":{"rendered":"Politique de confidentialit\u00e9"},"content":{"rendered":"\n<p>Le responsable du traitement des donn\u00e9es personnelles collect\u00e9es sur le SITE est<strong> MAGHISPAN APARELLAJE EL\u00c9CTRICO S.L.U.<\/strong> avec NIF : B80488992. Les coordonn\u00e9es sont les suivantes :<\/p>\n\n<p><strong>Adresse<\/strong>: C\/ de la Fundici\u00f3n n\u00ba 13, Rivas &#8211; Vaciamadrid 28522- MADRID.  <\/p>\n\n<p><strong>Num\u00e9ro de t\u00e9l\u00e9phone de contact<\/strong>: 91 779 11 30<\/p>\n\n<p><strong>Courriel de contact<\/strong>: <a href=\"mailto:info@maghispan.es\">info@maghispan.es<\/a><\/p>\n\n<p>Conform\u00e9ment aux dispositions du RGPD et de la LOPDGDD, nous vous informons que les donn\u00e9es personnelles collect\u00e9es par <strong>MAGHISPAN APARELLAJE EL\u00c9CTRICO S.L.U.<\/strong> \u00e0 travers les formulaires fournis sur ses pages seront incorpor\u00e9es et trait\u00e9es dans nos fichiers afin de faciliter, d&rsquo;acc\u00e9l\u00e9rer et de remplir les engagements \u00e9tablis entre <strong>MAGHISPAN APARELLAJE EL\u00c9CTRICO S.L.U.<\/strong> et l&rsquo;utilisateur ou le maintien de la relation \u00e9tablie dans les formulaires que l&rsquo;utilisateur remplit, ou pour r\u00e9pondre \u00e0 une demande ou \u00e0 une consultation de l&rsquo;utilisateur.  <\/p>\n\n<p>De m\u00eame, les donn\u00e9es pourront \u00eatre utilis\u00e9es \u00e0 des fins commerciales, de personnalisation, op\u00e9rationnelles et statistiques, ainsi que pour des activit\u00e9s li\u00e9es \u00e0 l&rsquo;objet social de <strong>MAGHISPAN APARELLAJE EL\u00c9CTRICO S.L.U.<\/strong>, et pour l&rsquo;extraction et le stockage de donn\u00e9es et d&rsquo;\u00e9tudes de marketing afin d&rsquo;adapter le contenu offert \u00e0 l&rsquo;utilisateur, ainsi que pour am\u00e9liorer la qualit\u00e9, le fonctionnement et la navigation sur le site Web.<\/p>\n\n<p>Au moment de la collecte des donn\u00e9es personnelles, l&rsquo;utilisateur sera inform\u00e9 des finalit\u00e9s sp\u00e9cifiques du traitement des donn\u00e9es personnelles, c&rsquo;est-\u00e0-dire de l&rsquo;usage qui sera fait des informations collect\u00e9es.<\/p>\n\n<p>Les donn\u00e9es personnelles fournies seront conserv\u00e9es pendant le temps n\u00e9cessaire \u00e0 la r\u00e9alisation de la finalit\u00e9 pour laquelle elles ont \u00e9t\u00e9 collect\u00e9es et pour d\u00e9terminer les \u00e9ventuelles responsabilit\u00e9s qui pourraient d\u00e9couler de cette finalit\u00e9, outre les d\u00e9lais pr\u00e9vus par la r\u00e9glementation en mati\u00e8re d&rsquo;archives et de documentation.<\/p>\n\n<p>En g\u00e9n\u00e9ral, les donn\u00e9es personnelles ne seront pas communiqu\u00e9es \u00e0 des tiers, sauf obligation l\u00e9gale, ce qui peut inclure des communications au m\u00e9diateur, aux juges et aux tribunaux, aux personnes int\u00e9ress\u00e9es par les proc\u00e9dures li\u00e9es aux plaintes d\u00e9pos\u00e9es.  <\/p>\n\n<p>L&rsquo;utilisateur a sur <strong>MAGHISPAN APARELLAJE EL\u00c9CTRICO S.L.U.<\/strong> et peut, par cons\u00e9quent, exercer contre le contr\u00f4leur des donn\u00e9es les droits suivants reconnus dans le RGPD et dans la loi organique 3\/2018 LOPDGDD : droit d&rsquo;acc\u00e8s, droit de rectification, droit d&rsquo;effacement, droit \u00e0 la limitation du traitement, droit \u00e0 la portabilit\u00e9 des donn\u00e9es, droit d&rsquo;opposition, droit de ne pas faire l&rsquo;objet d&rsquo;une d\u00e9cision bas\u00e9e uniquement sur un traitement automatis\u00e9, y compris le profilage.<\/p>\n\n<p>Par cons\u00e9quent, les utilisateurs peuvent exercer leurs droits par le biais d&rsquo;une communication \u00e9crite adress\u00e9e au contr\u00f4leur des donn\u00e9es avec la r\u00e9f\u00e9rence \u00ab\u00a0RGPD\u00a0\u00bb, en sp\u00e9cifiant :<\/p>\n\n<ul style=\"padding-left:var(--wp--preset--spacing--40)\" class=\"wp-block-list\">\n<li>Nom et pr\u00e9nom de l&rsquo;utilisateur et copie de sa carte d&rsquo;identit\u00e9. Dans les cas o\u00f9 la repr\u00e9sentation est admise, il sera \u00e9galement n\u00e9cessaire d&rsquo;identifier par les m\u00eames moyens la personne repr\u00e9sentant l&rsquo;utilisateur, ainsi que le document accr\u00e9ditant la repr\u00e9sentation. La photocopie de la carte d&rsquo;identit\u00e9 peut \u00eatre remplac\u00e9e par tout autre moyen de preuve d&rsquo;identit\u00e9 l\u00e9galement valable.<\/li>\n\n\n\n<li>Demande des raisons sp\u00e9cifiques de la demande ou des informations \u00e0 consulter.<\/li>\n\n\n\n<li>Adresse pour les notifications.  <\/li>\n\n\n\n<li>Date et signature du demandeur.<\/li>\n\n\n\n<li>Tout document justifiant la demande que vous faites.<\/li>\n<\/ul>\n\n<p>La pr\u00e9sente demande et les documents qui l&rsquo;accompagnent peuvent \u00eatre envoy\u00e9s \u00e0 l&rsquo;adresse et\/ou \u00e0 l&rsquo;adresse \u00e9lectronique suivantes :<\/p>\n\n<p>Adresse postale : C\/ de la Funci\u00f3n 13, Rivas &#8211; Vaciamadrid 28522-MADRID<\/p>\n\n<p>Courriel : <a href=\"mailto:info@maghispan.es\">info@maghispan.es<\/a><\/p>\n\n<p><\/p>\n","protected":false},"excerpt":{"rendered":"<p>Le responsable du traitement des donn\u00e9es personnelles collect\u00e9es sur le SITE est MAGHISPAN APARELLAJE EL\u00c9CTRICO S.L.U. avec NIF : B80488992. Les coordonn\u00e9es sont les suivantes : Adresse: C\/ de la Fundici\u00f3n n\u00ba 13, Rivas &#8211; Vaciamadrid 28522- MADRID. Num\u00e9ro de t\u00e9l\u00e9phone de contact: 91 779 11 30 Courriel de contact: info@maghispan.es Conform\u00e9ment aux dispositions du [&hellip;]<\/p>\n","protected":false},"author":1,"featured_media":0,"parent":0,"menu_order":0,"comment_status":"closed","ping_status":"closed","template":"","meta":{"footnotes":""},"class_list":["post-1358","page","type-page","status-publish","hentry"],"jetpack_sharing_enabled":true,"_links":{"self":[{"href":"https:\/\/maghispan.es\/fr\/wp-json\/wp\/v2\/pages\/1358","targetHints":{"allow":["GET"]}}],"collection":[{"href":"https:\/\/maghispan.es\/fr\/wp-json\/wp\/v2\/pages"}],"about":[{"href":"https:\/\/maghispan.es\/fr\/wp-json\/wp\/v2\/types\/page"}],"author":[{"embeddable":true,"href":"https:\/\/maghispan.es\/fr\/wp-json\/wp\/v2\/users\/1"}],"replies":[{"embeddable":true,"href":"https:\/\/maghispan.es\/fr\/wp-json\/wp\/v2\/comments?post=1358"}],"version-history":[{"count":2,"href":"https:\/\/maghispan.es\/fr\/wp-json\/wp\/v2\/pages\/1358\/revisions"}],"predecessor-version":[{"id":1941,"href":"https:\/\/maghispan.es\/fr\/wp-json\/wp\/v2\/pages\/1358\/revisions\/1941"}],"wp:attachment":[{"href":"https:\/\/maghispan.es\/fr\/wp-json\/wp\/v2\/media?parent=1358"}],"curies":[{"name":"wp","href":"https:\/\/api.w.org\/{rel}","templated":true}]}}