{"id":1355,"date":"2024-09-23T11:20:10","date_gmt":"2024-09-23T09:20:10","guid":{"rendered":"https:\/\/maghispan.es\/services\/"},"modified":"2025-07-29T11:16:12","modified_gmt":"2025-07-29T09:16:12","slug":"services","status":"publish","type":"page","link":"https:\/\/maghispan.es\/fr\/services\/","title":{"rendered":"Services"},"content":{"rendered":"\n<p class=\"has-text-align-center has-base-color has-primary-background-color has-text-color has-background has-link-color has-large-font-size wp-elements-0cef6f5f55f284788518d0383382cdc3\" style=\"padding-top:var(--wp--preset--spacing--30);padding-bottom:var(--wp--preset--spacing--30)\">Services sp\u00e9cialis\u00e9s dans la <strong>fabrication et la r\u00e9paration de composants \u00e9lectriques et \u00e9lectromagn\u00e9tiques<\/strong>. Gr\u00e2ce \u00e0 une technologie de pointe et \u00e0 une approche ax\u00e9e sur la qualit\u00e9, nous fournissons des <strong>solutions personnalis\u00e9es en mati\u00e8re d&rsquo;appareillage \u00e9lectrique<\/strong>, de contacts, de connexions et de syst\u00e8mes \u00e9lectrom\u00e9caniques <strong>pour les secteurs ferroviaire, \u00e9olien, industriel et \u00e9lectrique<\/strong>. <\/p>\n\n<div class=\"wp-block-group alignwide servicios has-global-padding is-layout-constrained wp-block-group-is-layout-constrained\" style=\"padding-top:var(--wp--preset--spacing--30)\">\n<div class=\"wp-block-group alignwide servicios__servicio is-nowrap is-layout-flex wp-container-core-group-is-layout-6c531013 wp-block-group-is-layout-flex\">\n<figure class=\"wp-block-image size-full\"><img loading=\"lazy\" decoding=\"async\" width=\"733\" height=\"476\" src=\"https:\/\/maghispan.es\/wp-content\/uploads\/2025\/01\/fabricacion_bajo_demanda.jpg\" alt=\"Fabrication &#xE0; la demande d'appareillage &#xE9;lectrique\" class=\"wp-image-243\" style=\"aspect-ratio:4\/3;object-fit:cover\" srcset=\"https:\/\/maghispan.es\/wp-content\/uploads\/2025\/01\/fabricacion_bajo_demanda.jpg 733w, https:\/\/maghispan.es\/wp-content\/uploads\/2025\/01\/fabricacion_bajo_demanda-300x195.jpg 300w\" sizes=\"auto, (max-width: 733px) 100vw, 733px\" \/><\/figure>\n\n\n\n<div class=\"wp-block-group is-vertical is-layout-flex wp-container-core-group-is-layout-fe9cc265 wp-block-group-is-layout-flex\">\n<h2 class=\"wp-block-heading alignwide has-primary-color has-text-color has-link-color has-large-font-size wp-elements-546e9b6a6594d327055e2308be4c7560\" style=\"font-style:normal;font-weight:600\">Fabrication \u00e0 la demande<\/h2>\n\n\n\n<p>Nous sommes des fabricants, chez <strong>Maghispan<\/strong>, nous offrons des solutions de fabrication sur mesure, en nous adaptant aux besoins sp\u00e9cifiques de chaque client. Nous pouvons produire des lots unitaires aussi bien que des grandes s\u00e9ries, ce qui garantit la flexibilit\u00e9 et l&rsquo;efficacit\u00e9 de chaque projet. Qu&rsquo;il s&rsquo;agisse de commandes limit\u00e9es ou de volumes plus importants, nous garantissons la m\u00eame qualit\u00e9 et la m\u00eame pr\u00e9cision pour tous nos produits.  <\/p>\n<\/div>\n<\/div>\n\n\n\n<div class=\"wp-block-group alignwide servicios__servicio is-nowrap is-layout-flex wp-container-core-group-is-layout-6c531013 wp-block-group-is-layout-flex\">\n<figure class=\"wp-block-image size-full\"><img loading=\"lazy\" decoding=\"async\" width=\"771\" height=\"514\" src=\"https:\/\/maghispan.es\/wp-content\/uploads\/2025\/01\/recubrimientos_especializados.png\" alt=\"Rev&#xEA;tements de haute qualit&#xE9; dans une vari&#xE9;t&#xE9; de mat&#xE9;riaux tels que l'argent, l'or, l'&#xE9;tain et le nickel\" class=\"wp-image-244\" style=\"aspect-ratio:4\/3;object-fit:cover\" srcset=\"https:\/\/maghispan.es\/wp-content\/uploads\/2025\/01\/recubrimientos_especializados.png 771w, https:\/\/maghispan.es\/wp-content\/uploads\/2025\/01\/recubrimientos_especializados-300x200.png 300w, https:\/\/maghispan.es\/wp-content\/uploads\/2025\/01\/recubrimientos_especializados-768x512.png 768w\" sizes=\"auto, (max-width: 771px) 100vw, 771px\" \/><\/figure>\n\n\n\n<div class=\"wp-block-group is-vertical is-layout-flex wp-container-core-group-is-layout-fe9cc265 wp-block-group-is-layout-flex\">\n<h2 class=\"wp-block-heading alignwide has-primary-color has-text-color has-link-color has-large-font-size wp-elements-d09d0c5c2afa410951a5d490847b456b\" style=\"font-style:normal;font-weight:600\">Rev\u00eatements sp\u00e9ciaux<\/h2>\n\n\n\n<p>Chez <strong>Maghispan <\/strong>, nous offrons des services de placage de haute qualit\u00e9 dans une vari\u00e9t\u00e9 de mat\u00e9riaux tels que l&rsquo;argent, l&rsquo;or, l&rsquo;\u00e9tain et le nickel. Ces rev\u00eatements am\u00e9liorent les propri\u00e9t\u00e9s des composants telles que la conductivit\u00e9 \u00e9lectrique, la r\u00e9sistance \u00e0 la corrosion et la durabilit\u00e9. Nous adaptons nos processus aux besoins sp\u00e9cifiques de chaque projet, garantissant des finitions pr\u00e9cises et fiables pour diff\u00e9rentes applications industrielles.  <\/p>\n<\/div>\n<\/div>\n\n\n\n<div class=\"wp-block-group alignwide servicios__servicio is-nowrap is-layout-flex wp-container-core-group-is-layout-6c531013 wp-block-group-is-layout-flex\">\n<figure class=\"wp-block-image size-full\"><img loading=\"lazy\" decoding=\"async\" width=\"740\" height=\"493\" src=\"https:\/\/maghispan.es\/wp-content\/uploads\/2025\/01\/asesoramiento.jpg\" alt=\"Conseil technique en solutions personnalis&#xE9;es d'appareillage &#xE9;lectrique.\" class=\"wp-image-592\" style=\"aspect-ratio:4\/3;object-fit:cover\" srcset=\"https:\/\/maghispan.es\/wp-content\/uploads\/2025\/01\/asesoramiento.jpg 740w, https:\/\/maghispan.es\/wp-content\/uploads\/2025\/01\/asesoramiento-300x200.jpg 300w\" sizes=\"auto, (max-width: 740px) 100vw, 740px\" \/><\/figure>\n\n\n\n<div class=\"wp-block-group is-vertical is-layout-flex wp-container-core-group-is-layout-fe9cc265 wp-block-group-is-layout-flex\">\n<h2 class=\"wp-block-heading alignwide has-primary-color has-text-color has-link-color has-large-font-size wp-elements-4b18bafdeef38196502e9e25a17c4d83\" style=\"font-style:normal;font-weight:600\">Conseils techniques<\/h2>\n\n\n\n<p>Notre \u00e9quipe d&rsquo;ing\u00e9nieurs hautement qualifi\u00e9s est \u00e0 votre disposition pour vous fournir des conseils techniques sur chaque projet. Chez <strong>Maghispan<\/strong>, nous apportons notre savoir-faire \u00e0 chaque demande, en aidant nos clients \u00e0 trouver les solutions les plus efficaces et les mieux adapt\u00e9es \u00e0 leurs besoins. De la conception initiale \u00e0 la mise en \u0153uvre finale, nous travaillons main dans la main avec nos clients pour garantir des r\u00e9sultats optimaux et personnalis\u00e9s pour chaque projet.  <\/p>\n<\/div>\n<\/div>\n\n\n\n<div class=\"wp-block-group alignwide servicios__servicio is-nowrap is-layout-flex wp-container-core-group-is-layout-6c531013 wp-block-group-is-layout-flex\">\n<figure class=\"wp-block-image size-full\"><img loading=\"lazy\" decoding=\"async\" width=\"1918\" height=\"1008\" src=\"https:\/\/maghispan.es\/wp-content\/uploads\/2025\/01\/inginversa.png\" alt=\"R&#xE9;plication de composants &#xE9;lectrom&#xE9;caniques par ing&#xE9;nierie inverse\" class=\"wp-image-594\" style=\"aspect-ratio:4\/3;object-fit:cover\" srcset=\"https:\/\/maghispan.es\/wp-content\/uploads\/2025\/01\/inginversa.png 1918w, https:\/\/maghispan.es\/wp-content\/uploads\/2025\/01\/inginversa-300x158.png 300w, https:\/\/maghispan.es\/wp-content\/uploads\/2025\/01\/inginversa-1024x538.png 1024w, https:\/\/maghispan.es\/wp-content\/uploads\/2025\/01\/inginversa-768x404.png 768w, https:\/\/maghispan.es\/wp-content\/uploads\/2025\/01\/inginversa-1536x807.png 1536w\" sizes=\"auto, (max-width: 1918px) 100vw, 1918px\" \/><\/figure>\n\n\n\n<div class=\"wp-block-group is-vertical is-layout-flex wp-container-core-group-is-layout-fe9cc265 wp-block-group-is-layout-flex\">\n<h2 class=\"wp-block-heading alignwide has-primary-color has-text-color has-link-color has-large-font-size wp-elements-5f8f3e34d60b64f68a92aea8a7c2af7e\" style=\"font-style:normal;font-weight:600\">R\u00e9tro-ing\u00e9nierie et rem\u00e9diation \u00e0 l&rsquo;obsolescence<\/h2>\n\n\n\n<p>Chez <strong>Maghispan <\/strong>, nous reproduisons les composants \u00e9lectrom\u00e9caniques par r\u00e9tro-ing\u00e9nierie, ce qui garantit leur qualit\u00e9 et leur fonctionnalit\u00e9. Nous d\u00e9veloppons \u00e9galement des alternatives pour les pi\u00e8ces abandonn\u00e9es ou les pi\u00e8ces provenant de fabricants qui ont cess\u00e9 leurs activit\u00e9s, garantissant ainsi la continuit\u00e9 op\u00e9rationnelle pour nos clients. <\/p>\n<\/div>\n<\/div>\n\n\n\n<div class=\"wp-block-group alignwide servicios__servicio is-nowrap is-layout-flex wp-container-core-group-is-layout-6c531013 wp-block-group-is-layout-flex\">\n<figure class=\"wp-block-image size-full\"><img loading=\"lazy\" decoding=\"async\" width=\"740\" height=\"493\" src=\"https:\/\/maghispan.es\/wp-content\/uploads\/2025\/01\/rieles-tren-paisaje-pais_23-2148139937.jpg\" alt=\"Renouvellement des &#xE9;quipements &#xE9;lectriques\" class=\"wp-image-596\" style=\"aspect-ratio:4\/3;object-fit:cover\" srcset=\"https:\/\/maghispan.es\/wp-content\/uploads\/2025\/01\/rieles-tren-paisaje-pais_23-2148139937.jpg 740w, https:\/\/maghispan.es\/wp-content\/uploads\/2025\/01\/rieles-tren-paisaje-pais_23-2148139937-300x200.jpg 300w\" sizes=\"auto, (max-width: 740px) 100vw, 740px\" \/><\/figure>\n\n\n\n<div class=\"wp-block-group is-vertical is-layout-flex wp-container-core-group-is-layout-fe9cc265 wp-block-group-is-layout-flex\">\n<h2 class=\"wp-block-heading alignwide has-primary-color has-text-color has-link-color has-large-font-size wp-elements-7d528f0da969ffa65c81f57db275eb74\" style=\"font-style:normal;font-weight:600\">Renouvellement de l&rsquo;appareillage \u00e9lectrique<\/h2>\n\n\n\n<p>Chez <strong>Maghispan<\/strong>, nous proposons des services sp\u00e9cialis\u00e9s dans la r\u00e9novation d&rsquo;appareillages \u00e9lectriques, garantissant la modernisation et l&rsquo;am\u00e9lioration d&rsquo;\u00e9quipements essentiels. Nous remettons \u00e0 neuf des contacteurs et des disjoncteurs de moyenne et haute tension, ainsi que des pantographes, afin de garantir des performances fiables et s\u00fbres. Notre exp\u00e9rience nous permet de prolonger la dur\u00e9e de vie utile de ces composants, en les adaptant aux besoins de chaque installation et en am\u00e9liorant leur efficacit\u00e9 op\u00e9rationnelle.  <\/p>\n<\/div>\n<\/div>\n<\/div>\n","protected":false},"excerpt":{"rendered":"<p>Services sp\u00e9cialis\u00e9s dans la fabrication et la r\u00e9paration de composants \u00e9lectriques et \u00e9lectromagn\u00e9tiques. Gr\u00e2ce \u00e0 une technologie de pointe et \u00e0 une approche ax\u00e9e sur la qualit\u00e9, nous fournissons des solutions personnalis\u00e9es en mati\u00e8re d&rsquo;appareillage \u00e9lectrique, de contacts, de connexions et de syst\u00e8mes \u00e9lectrom\u00e9caniques pour les secteurs ferroviaire, \u00e9olien, industriel et \u00e9lectrique. Fabrication \u00e0 la [&hellip;]<\/p>\n","protected":false},"author":1,"featured_media":814,"parent":0,"menu_order":0,"comment_status":"closed","ping_status":"closed","template":"","meta":{"footnotes":""},"class_list":["post-1355","page","type-page","status-publish","has-post-thumbnail","hentry"],"jetpack_sharing_enabled":true,"_links":{"self":[{"href":"https:\/\/maghispan.es\/fr\/wp-json\/wp\/v2\/pages\/1355","targetHints":{"allow":["GET"]}}],"collection":[{"href":"https:\/\/maghispan.es\/fr\/wp-json\/wp\/v2\/pages"}],"about":[{"href":"https:\/\/maghispan.es\/fr\/wp-json\/wp\/v2\/types\/page"}],"author":[{"embeddable":true,"href":"https:\/\/maghispan.es\/fr\/wp-json\/wp\/v2\/users\/1"}],"replies":[{"embeddable":true,"href":"https:\/\/maghispan.es\/fr\/wp-json\/wp\/v2\/comments?post=1355"}],"version-history":[{"count":6,"href":"https:\/\/maghispan.es\/fr\/wp-json\/wp\/v2\/pages\/1355\/revisions"}],"predecessor-version":[{"id":2113,"href":"https:\/\/maghispan.es\/fr\/wp-json\/wp\/v2\/pages\/1355\/revisions\/2113"}],"wp:featuredmedia":[{"embeddable":true,"href":"https:\/\/maghispan.es\/fr\/wp-json\/wp\/v2\/media\/814"}],"wp:attachment":[{"href":"https:\/\/maghispan.es\/fr\/wp-json\/wp\/v2\/media?parent=1355"}],"curies":[{"name":"wp","href":"https:\/\/api.w.org\/{rel}","templated":true}]}}