{"id":1349,"date":"2024-09-23T11:19:53","date_gmt":"2024-09-23T09:19:53","guid":{"rendered":"https:\/\/maghispan.es\/produits\/"},"modified":"2025-07-29T11:36:33","modified_gmt":"2025-07-29T09:36:33","slug":"produits","status":"publish","type":"page","link":"https:\/\/maghispan.es\/fr\/produits\/","title":{"rendered":"Produits"},"content":{"rendered":"\n<h2 class=\"wp-block-heading has-text-align-center has-large-font-size\" style=\"padding-top:var(--wp--preset--spacing--30);padding-bottom:var(--wp--preset--spacing--30)\">Nous fabriquons des appareillages \u00e9lectriques. Des contacts, des connexions et des syst\u00e8mes \u00e9lectrom\u00e9caniques de haute qualit\u00e9, adapt\u00e9s aux besoins de chaque projet, d\u00e9velopp\u00e9s avec pr\u00e9cision et durabilit\u00e9.<\/h2>\n\n\n\n<div class=\"wp-block-group alignwide has-global-padding is-layout-constrained wp-block-group-is-layout-constrained\">\n<h2 class=\"wp-block-heading alignwide has-text-align-center is-style-default has-base-color has-primary-background-color has-text-color has-background has-link-color has-medium-font-size wp-elements-fab0f6961b17c5af397620b31861492b\" style=\"font-style:normal;font-weight:600\">Distribution de l&rsquo;\u00e9nergie<\/h2>\n\n\n\n<div class=\"wp-block-columns is-layout-flex wp-container-core-columns-is-layout-28f84493 wp-block-columns-is-layout-flex\">\n<div class=\"wp-block-column has-border-color has-medium-font-size is-layout-flow wp-container-core-column-is-layout-f244570f wp-block-column-is-layout-flow\" style=\"border-color:#21242621;border-width:1px;padding-top:var(--wp--preset--spacing--30);padding-bottom:var(--wp--preset--spacing--30)\">\n<figure class=\"wp-block-image aligncenter size-large\"><a href=\"https:\/\/maghispan.es\/fr\/isolateurs\/\"><img loading=\"lazy\" decoding=\"async\" width=\"1024\" height=\"683\" src=\"https:\/\/maghispan.es\/wp-content\/uploads\/2025\/01\/FOTOS-MAGHISPAN-95-1-1024x683.png\" alt=\"Aisladores el\u00e9ctricos - Fabricaci\u00f3n a medida y reparaci\u00f3n.\" class=\"wp-image-361\" srcset=\"https:\/\/maghispan.es\/wp-content\/uploads\/2025\/01\/FOTOS-MAGHISPAN-95-1-1024x683.png 1024w, https:\/\/maghispan.es\/wp-content\/uploads\/2025\/01\/FOTOS-MAGHISPAN-95-1-300x200.png 300w, https:\/\/maghispan.es\/wp-content\/uploads\/2025\/01\/FOTOS-MAGHISPAN-95-1-768x512.png 768w, https:\/\/maghispan.es\/wp-content\/uploads\/2025\/01\/FOTOS-MAGHISPAN-95-1.png 1350w\" sizes=\"auto, (max-width: 1024px) 100vw, 1024px\" \/><\/a><\/figure>\n\n\n\n<h3 class=\"wp-block-heading alignwide has-text-align-center has-primary-color has-text-color has-link-color has-large-font-size wp-elements-03dd41d21dc72c71a42335ef77c9d406\" style=\"font-style:normal;font-weight:600\"><a href=\"https:\/\/maghispan.es\/fr\/isolateurs-electriques\/\">Isolateurs<\/a><\/h3>\n<\/div>\n\n\n\n<div class=\"wp-block-column has-border-color has-medium-font-size is-layout-flow wp-container-core-column-is-layout-f244570f wp-block-column-is-layout-flow\" style=\"border-color:#21242621;border-width:1px;padding-top:var(--wp--preset--spacing--30);padding-bottom:var(--wp--preset--spacing--30)\">\n<figure class=\"wp-block-image aligncenter size-large\"><a href=\"https:\/\/maghispan.es\/fr\/connexions-de-labat-jour\/\"><img loading=\"lazy\" decoding=\"async\" width=\"1024\" height=\"683\" src=\"https:\/\/maghispan.es\/wp-content\/uploads\/2025\/01\/FOTOS-MAGHISPAN-17-1024x683.png\" alt=\"Fabricaci\u00f3n y reparaci\u00f3n de Conexiones de tulipas para el sector de la distribuci\u00f3n de energ\u00eda.\" class=\"wp-image-373\" srcset=\"https:\/\/maghispan.es\/wp-content\/uploads\/2025\/01\/FOTOS-MAGHISPAN-17-1024x683.png 1024w, https:\/\/maghispan.es\/wp-content\/uploads\/2025\/01\/FOTOS-MAGHISPAN-17-300x200.png 300w, https:\/\/maghispan.es\/wp-content\/uploads\/2025\/01\/FOTOS-MAGHISPAN-17-768x512.png 768w, https:\/\/maghispan.es\/wp-content\/uploads\/2025\/01\/FOTOS-MAGHISPAN-17.png 1350w\" sizes=\"auto, (max-width: 1024px) 100vw, 1024px\" \/><\/a><\/figure>\n\n\n\n<h3 class=\"wp-block-heading alignwide has-text-align-center has-primary-color has-text-color has-link-color has-large-font-size wp-elements-9ab8c6d23bb18b17dcffea1deee08ad1\" style=\"font-style:normal;font-weight:600\"><a href=\"https:\/\/maghispan.es\/fr\/contacts-tulipe\/\">Connexions tulipe<\/a><\/h3>\n<\/div>\n\n\n\n<div class=\"wp-block-column has-border-color has-medium-font-size is-layout-flow wp-container-core-column-is-layout-f244570f wp-block-column-is-layout-flow\" style=\"border-color:#21242621;border-width:1px;padding-top:var(--wp--preset--spacing--30);padding-bottom:var(--wp--preset--spacing--30)\">\n<figure class=\"wp-block-image aligncenter size-large\"><a href=\"https:\/\/maghispan.es\/fr\/pinces-a-barres\/\"><img loading=\"lazy\" decoding=\"async\" width=\"1024\" height=\"683\" src=\"https:\/\/maghispan.es\/wp-content\/uploads\/2025\/01\/FOTOS-MAGHISPAN-28-1024x683.png\" alt=\"Pinzas para embarrado: fabricaci\u00f3n y reparaci\u00f3n.\" class=\"wp-image-374\" srcset=\"https:\/\/maghispan.es\/wp-content\/uploads\/2025\/01\/FOTOS-MAGHISPAN-28-1024x683.png 1024w, https:\/\/maghispan.es\/wp-content\/uploads\/2025\/01\/FOTOS-MAGHISPAN-28-300x200.png 300w, https:\/\/maghispan.es\/wp-content\/uploads\/2025\/01\/FOTOS-MAGHISPAN-28-768x512.png 768w, https:\/\/maghispan.es\/wp-content\/uploads\/2025\/01\/FOTOS-MAGHISPAN-28.png 1350w\" sizes=\"auto, (max-width: 1024px) 100vw, 1024px\" \/><\/a><\/figure>\n\n\n\n<h3 class=\"wp-block-heading alignwide has-text-align-center has-primary-color has-text-color has-link-color has-large-font-size wp-elements-89e429fb61c24abf38e046a97977d825\" style=\"font-style:normal;font-weight:600\"><a href=\"https:\/\/maghispan.es\/fr\/pinces-a-barres\/\">Pinces \u00e0 barres<\/a><\/h3>\n<\/div>\n<\/div>\n<\/div>\n\n\n\n<div style=\"height:40px\" aria-hidden=\"true\" class=\"wp-block-spacer\"><\/div>\n\n\n\n<div class=\"wp-block-group alignwide has-global-padding is-layout-constrained wp-block-group-is-layout-constrained\">\n<h2 class=\"wp-block-heading alignwide has-text-align-center has-base-color has-primary-background-color has-text-color has-background has-link-color has-medium-font-size wp-elements-c912dc183ecf108b3016534d67fad1b8\" style=\"font-style:normal;font-weight:600\">Ferroviaire<\/h2>\n\n\n\n<div class=\"wp-block-columns is-layout-flex wp-container-core-columns-is-layout-28f84493 wp-block-columns-is-layout-flex\">\n<div class=\"wp-block-column has-border-color has-medium-font-size is-layout-flow wp-container-core-column-is-layout-f244570f wp-block-column-is-layout-flow\" style=\"border-color:#21242621;border-width:1px;padding-top:var(--wp--preset--spacing--30);padding-bottom:var(--wp--preset--spacing--30)\">\n<figure class=\"wp-block-image aligncenter size-large\"><a href=\"https:\/\/maghispan.es\/fr\/connecteurs-accouplements-accouplements-accouplements-accouplements\/\"><img loading=\"lazy\" decoding=\"async\" width=\"1024\" height=\"683\" src=\"https:\/\/maghispan.es\/wp-content\/uploads\/2025\/01\/FOTOS-MAGHISPAN-37-1-1024x683.png\" alt=\"Conectores el\u00e9ctricos, acoplamientos y enganches para el ferrocarril.\" class=\"wp-image-376\" srcset=\"https:\/\/maghispan.es\/wp-content\/uploads\/2025\/01\/FOTOS-MAGHISPAN-37-1-1024x683.png 1024w, https:\/\/maghispan.es\/wp-content\/uploads\/2025\/01\/FOTOS-MAGHISPAN-37-1-300x200.png 300w, https:\/\/maghispan.es\/wp-content\/uploads\/2025\/01\/FOTOS-MAGHISPAN-37-1-768x512.png 768w, https:\/\/maghispan.es\/wp-content\/uploads\/2025\/01\/FOTOS-MAGHISPAN-37-1.png 1350w\" sizes=\"auto, (max-width: 1024px) 100vw, 1024px\" \/><\/a><\/figure>\n\n\n\n<h3 class=\"wp-block-heading alignwide has-text-align-center has-primary-color has-text-color has-link-color has-large-font-size wp-elements-b937d9b62f723972b637a83e9bcfee34\" style=\"font-style:normal;font-weight:600\"><a href=\"https:\/\/maghispan.es\/fr\/connecteurs-electriques-accouplements\/\">Connecteurs accouplements <\/a>coupleurs<\/h3>\n<\/div>\n\n\n\n<div class=\"wp-block-column has-border-color has-medium-font-size is-layout-flow wp-container-core-column-is-layout-f244570f wp-block-column-is-layout-flow\" style=\"border-color:#21242621;border-width:1px;padding-top:var(--wp--preset--spacing--30);padding-bottom:var(--wp--preset--spacing--30)\">\n<figure class=\"wp-block-image aligncenter size-large\"><a href=\"https:\/\/maghispan.es\/fr\/contact-de-commutation\/\"><img loading=\"lazy\" decoding=\"async\" width=\"1024\" height=\"683\" src=\"https:\/\/maghispan.es\/wp-content\/uploads\/2025\/01\/FOTOS-MAGHISPAN-105-1024x683.png\" alt=\"Fabricaci\u00f3n y reparaci\u00f3n de contactos de interruptor para el ferrocarril\" class=\"wp-image-377\" srcset=\"https:\/\/maghispan.es\/wp-content\/uploads\/2025\/01\/FOTOS-MAGHISPAN-105-1024x683.png 1024w, https:\/\/maghispan.es\/wp-content\/uploads\/2025\/01\/FOTOS-MAGHISPAN-105-300x200.png 300w, https:\/\/maghispan.es\/wp-content\/uploads\/2025\/01\/FOTOS-MAGHISPAN-105-768x512.png 768w, https:\/\/maghispan.es\/wp-content\/uploads\/2025\/01\/FOTOS-MAGHISPAN-105.png 1350w\" sizes=\"auto, (max-width: 1024px) 100vw, 1024px\" \/><\/a><\/figure>\n\n\n\n<h3 class=\"wp-block-heading alignwide has-text-align-center has-primary-color has-text-color has-link-color has-large-font-size wp-elements-b375029080deaa36768267867df3f546\" style=\"font-style:normal;font-weight:600\"><a href=\"https:\/\/maghispan.es\/fr\/contact-de-commutation\/\">Contact de commutation<\/a><\/h3>\n<\/div>\n\n\n\n<div class=\"wp-block-column has-border-color has-medium-font-size is-layout-flow wp-container-core-column-is-layout-f244570f wp-block-column-is-layout-flow\" style=\"border-color:#21242621;border-width:1px;padding-top:var(--wp--preset--spacing--30);padding-bottom:var(--wp--preset--spacing--30)\">\n<figure class=\"wp-block-image aligncenter size-large\"><a href=\"https:\/\/maghispan.es\/fr\/contacts-de-deconnexion\/\"><img loading=\"lazy\" decoding=\"async\" width=\"1024\" height=\"683\" src=\"https:\/\/maghispan.es\/wp-content\/uploads\/2025\/01\/FOTOS-MAGHISPAN-1-1024x683.png\" alt=\"Contactos seccionador - aparellaje el\u00e9ctrico para el ferrocarril\" class=\"wp-image-378\" srcset=\"https:\/\/maghispan.es\/wp-content\/uploads\/2025\/01\/FOTOS-MAGHISPAN-1-1024x683.png 1024w, https:\/\/maghispan.es\/wp-content\/uploads\/2025\/01\/FOTOS-MAGHISPAN-1-300x200.png 300w, https:\/\/maghispan.es\/wp-content\/uploads\/2025\/01\/FOTOS-MAGHISPAN-1-768x512.png 768w, https:\/\/maghispan.es\/wp-content\/uploads\/2025\/01\/FOTOS-MAGHISPAN-1.png 1350w\" sizes=\"auto, (max-width: 1024px) 100vw, 1024px\" \/><\/a><\/figure>\n\n\n\n<h3 class=\"wp-block-heading alignwide has-text-align-center has-primary-color has-text-color has-link-color has-large-font-size wp-elements-2855f7cb6df0957ea2ee9432d365c36d\" style=\"font-style:normal;font-weight:600\"><a href=\"https:\/\/maghispan.es\/fr\/contacts-de-deconnexion\/\">Contacts de d\u00e9connexion<\/a><\/h3>\n<\/div>\n\n\n\n<div class=\"wp-block-column has-border-color has-medium-font-size is-layout-flow wp-container-core-column-is-layout-f244570f wp-block-column-is-layout-flow\" style=\"border-color:#21242621;border-width:1px;padding-top:var(--wp--preset--spacing--30);padding-bottom:var(--wp--preset--spacing--30)\">\n<figure class=\"wp-block-image aligncenter size-large\"><a href=\"https:\/\/maghispan.es\/fr\/tresses\/\"><img loading=\"lazy\" decoding=\"async\" width=\"1024\" height=\"683\" src=\"https:\/\/maghispan.es\/wp-content\/uploads\/2025\/01\/FOTOS-MAGHISPAN-89-1024x683.png\" alt=\"Conexiones el\u00e9ctricas flexibles tipo trenza para el ferrocarril.\" class=\"wp-image-388\" srcset=\"https:\/\/maghispan.es\/wp-content\/uploads\/2025\/01\/FOTOS-MAGHISPAN-89-1024x683.png 1024w, https:\/\/maghispan.es\/wp-content\/uploads\/2025\/01\/FOTOS-MAGHISPAN-89-300x200.png 300w, https:\/\/maghispan.es\/wp-content\/uploads\/2025\/01\/FOTOS-MAGHISPAN-89-768x512.png 768w, https:\/\/maghispan.es\/wp-content\/uploads\/2025\/01\/FOTOS-MAGHISPAN-89.png 1350w\" sizes=\"auto, (max-width: 1024px) 100vw, 1024px\" \/><\/a><\/figure>\n\n\n\n<h3 class=\"wp-block-heading alignwide has-text-align-center has-primary-color has-text-color has-link-color has-large-font-size wp-elements-8c0edbd697d342d32c96e00586e68248\" style=\"font-style:normal;font-weight:600\"><a href=\"https:\/\/maghispan.es\/fr\/tresses\/\">Tresses<\/a><\/h3>\n<\/div>\n<\/div>\n<\/div>\n\n\n\n<div style=\"height:40px\" aria-hidden=\"true\" class=\"wp-block-spacer\"><\/div>\n\n\n\n<div class=\"wp-block-group alignwide has-global-padding is-layout-constrained wp-block-group-is-layout-constrained\">\n<h2 class=\"wp-block-heading alignwide has-text-align-center has-base-color has-primary-background-color has-text-color has-background has-link-color has-medium-font-size wp-elements-f926c2a3b4002b43eebb70cff64a751b\" style=\"font-style:normal;font-weight:600\">L&rsquo;industrie<\/h2>\n\n\n\n<div class=\"wp-block-columns is-layout-flex wp-container-core-columns-is-layout-28f84493 wp-block-columns-is-layout-flex\">\n<div class=\"wp-block-column has-border-color has-medium-font-size is-layout-flow wp-container-core-column-is-layout-f244570f wp-block-column-is-layout-flow\" style=\"border-color:#21242621;border-width:1px;padding-top:var(--wp--preset--spacing--30);padding-bottom:var(--wp--preset--spacing--30)\">\n<figure class=\"wp-block-image aligncenter size-large\"><a href=\"https:\/\/maghispan.es\/fr\/lindustrie\/\"><img loading=\"lazy\" decoding=\"async\" width=\"1024\" height=\"683\" src=\"https:\/\/maghispan.es\/wp-content\/uploads\/2025\/01\/FOTOS-MAGHISPAN-46-1024x683.png\" alt=\"Aparellaje el\u00e9ctrico para el sector industrial. Reparaci\u00f3n y fabricaci\u00f3n.\" class=\"wp-image-569\" srcset=\"https:\/\/maghispan.es\/wp-content\/uploads\/2025\/01\/FOTOS-MAGHISPAN-46-1024x683.png 1024w, https:\/\/maghispan.es\/wp-content\/uploads\/2025\/01\/FOTOS-MAGHISPAN-46-300x200.png 300w, https:\/\/maghispan.es\/wp-content\/uploads\/2025\/01\/FOTOS-MAGHISPAN-46-768x512.png 768w, https:\/\/maghispan.es\/wp-content\/uploads\/2025\/01\/FOTOS-MAGHISPAN-46.png 1350w\" sizes=\"auto, (max-width: 1024px) 100vw, 1024px\" \/><\/a><\/figure>\n\n\n\n<h3 class=\"wp-block-heading alignwide has-text-align-center has-primary-color has-text-color has-link-color has-large-font-size wp-elements-ce53382bd0378bc38c6a90a61b2bd430\" style=\"font-style:normal;font-weight:600\"><a href=\"https:\/\/maghispan.es\/fr\/composants-electriques-industrie\/\">G\u00e9n\u00e9ral<\/a><\/h3>\n<\/div>\n\n\n\n<div class=\"wp-block-column has-border-color has-medium-font-size is-layout-flow wp-container-core-column-is-layout-f244570f wp-block-column-is-layout-flow\" style=\"border-color:#21242621;border-width:1px;padding-top:var(--wp--preset--spacing--30);padding-bottom:var(--wp--preset--spacing--30)\">\n<figure class=\"wp-block-image aligncenter size-large\"><a href=\"https:\/\/maghispan.es\/fr\/contacts-electriques\/\"><img loading=\"lazy\" decoding=\"async\" width=\"1024\" height=\"683\" src=\"https:\/\/maghispan.es\/wp-content\/uploads\/2025\/01\/FOTOS-MAGHISPAN-41-1-1024x683.png\" alt=\"Contactos el\u00e9ctricos para la industria: fabricaci\u00f3n y reparaci\u00f3n\" class=\"wp-image-390\" srcset=\"https:\/\/maghispan.es\/wp-content\/uploads\/2025\/01\/FOTOS-MAGHISPAN-41-1-1024x683.png 1024w, https:\/\/maghispan.es\/wp-content\/uploads\/2025\/01\/FOTOS-MAGHISPAN-41-1-300x200.png 300w, https:\/\/maghispan.es\/wp-content\/uploads\/2025\/01\/FOTOS-MAGHISPAN-41-1-768x512.png 768w, https:\/\/maghispan.es\/wp-content\/uploads\/2025\/01\/FOTOS-MAGHISPAN-41-1.png 1350w\" sizes=\"auto, (max-width: 1024px) 100vw, 1024px\" \/><\/a><\/figure>\n\n\n\n<h3 class=\"wp-block-heading alignwide has-text-align-center has-primary-color has-text-color has-link-color has-large-font-size wp-elements-c9b71be77fafc6027a7e696d75a8f932\" style=\"font-style:normal;font-weight:600\"><a href=\"https:\/\/maghispan.es\/fr\/contacts-electriques\/\">Contacts \u00e9lectriques<\/a><\/h3>\n<\/div>\n\n\n\n<div class=\"wp-block-column has-border-color has-medium-font-size is-layout-flow wp-container-core-column-is-layout-f244570f wp-block-column-is-layout-flow\" style=\"border-color:#21242621;border-width:1px;padding-top:var(--wp--preset--spacing--30);padding-bottom:var(--wp--preset--spacing--30)\">\n<figure class=\"wp-block-image aligncenter size-large\"><a href=\"https:\/\/maghispan.es\/fr\/brosses-et-porte-brosses\/\"><img loading=\"lazy\" decoding=\"async\" width=\"1024\" height=\"683\" src=\"https:\/\/maghispan.es\/wp-content\/uploads\/2025\/01\/FOTOS-MAGHISPAN-7-1-1024x683.png\" alt=\"Escobillas y portaescobillas para sector industrial.\" class=\"wp-image-391\" srcset=\"https:\/\/maghispan.es\/wp-content\/uploads\/2025\/01\/FOTOS-MAGHISPAN-7-1-1024x683.png 1024w, https:\/\/maghispan.es\/wp-content\/uploads\/2025\/01\/FOTOS-MAGHISPAN-7-1-300x200.png 300w, https:\/\/maghispan.es\/wp-content\/uploads\/2025\/01\/FOTOS-MAGHISPAN-7-1-768x512.png 768w, https:\/\/maghispan.es\/wp-content\/uploads\/2025\/01\/FOTOS-MAGHISPAN-7-1.png 1350w\" sizes=\"auto, (max-width: 1024px) 100vw, 1024px\" \/><\/a><\/figure>\n\n\n\n<h3 class=\"wp-block-heading alignwide has-text-align-center has-primary-color has-text-color has-link-color has-large-font-size wp-elements-a9530465f8b079172fd957f66c08e916\" style=\"font-style:normal;font-weight:600\"><a href=\"https:\/\/maghispan.es\/fr\/balais-et-porte-balais\/\" data-type=\"page\" data-id=\"1282\">Balais et porte-balais<\/a><\/h3>\n<\/div>\n<\/div>\n<\/div>\n","protected":false},"excerpt":{"rendered":"<p>Nous fabriquons des appareillages \u00e9lectriques. Des contacts, des connexions et des syst\u00e8mes \u00e9lectrom\u00e9caniques de haute qualit\u00e9, adapt\u00e9s aux besoins de chaque projet, d\u00e9velopp\u00e9s avec pr\u00e9cision et durabilit\u00e9. Distribution de l&rsquo;\u00e9nergie Isolateurs Connexions tulipe Pinces \u00e0 barres Ferroviaire Connecteurs accouplements coupleurs Contact de commutation Contacts de d\u00e9connexion Tresses L&rsquo;industrie G\u00e9n\u00e9ral Contacts \u00e9lectriques Balais et porte-balais<\/p>\n","protected":false},"author":1,"featured_media":832,"parent":0,"menu_order":0,"comment_status":"closed","ping_status":"closed","template":"","meta":{"footnotes":""},"class_list":["post-1349","page","type-page","status-publish","has-post-thumbnail","hentry"],"jetpack_sharing_enabled":true,"_links":{"self":[{"href":"https:\/\/maghispan.es\/fr\/wp-json\/wp\/v2\/pages\/1349","targetHints":{"allow":["GET"]}}],"collection":[{"href":"https:\/\/maghispan.es\/fr\/wp-json\/wp\/v2\/pages"}],"about":[{"href":"https:\/\/maghispan.es\/fr\/wp-json\/wp\/v2\/types\/page"}],"author":[{"embeddable":true,"href":"https:\/\/maghispan.es\/fr\/wp-json\/wp\/v2\/users\/1"}],"replies":[{"embeddable":true,"href":"https:\/\/maghispan.es\/fr\/wp-json\/wp\/v2\/comments?post=1349"}],"version-history":[{"count":11,"href":"https:\/\/maghispan.es\/fr\/wp-json\/wp\/v2\/pages\/1349\/revisions"}],"predecessor-version":[{"id":2121,"href":"https:\/\/maghispan.es\/fr\/wp-json\/wp\/v2\/pages\/1349\/revisions\/2121"}],"wp:featuredmedia":[{"embeddable":true,"href":"https:\/\/maghispan.es\/fr\/wp-json\/wp\/v2\/media\/832"}],"wp:attachment":[{"href":"https:\/\/maghispan.es\/fr\/wp-json\/wp\/v2\/media?parent=1349"}],"curies":[{"name":"wp","href":"https:\/\/api.w.org\/{rel}","templated":true}]}}