{"id":1340,"date":"2024-09-23T11:19:39","date_gmt":"2024-09-23T09:19:39","guid":{"rendered":"https:\/\/maghispan.es\/entreprise\/"},"modified":"2025-07-25T16:47:45","modified_gmt":"2025-07-25T14:47:45","slug":"entreprise","status":"publish","type":"page","link":"https:\/\/maghispan.es\/fr\/entreprise\/","title":{"rendered":"Entreprise"},"content":{"rendered":"\n<div class=\"wp-block-group alignwide is-layout-flow wp-block-group-is-layout-flow\">\n<h2 class=\"wp-block-heading alignwide has-primary-color has-text-color has-link-color has-large-font-size wp-elements-c21a101b57fbd9b8800a681794a64097\" style=\"font-style:normal;font-weight:600\">Qui sommes-nous ?<\/h2>\n\n\n\n<p>Maghispan, bas\u00e9e \u00e0 Madrid, est une entreprise sp\u00e9cialis\u00e9e dans la fabrication et la r\u00e9paration de composants \u00e9lectriques de basse, moyenne et haute tension. Fond\u00e9e en 1992, elle s&rsquo;est d\u00e9velopp\u00e9e pour devenir une r\u00e9f\u00e9rence dans le secteur industriel, en fournissant des solutions techniques d&rsquo;une qualit\u00e9 \u00e9prouv\u00e9e pour diverses industries. <\/p>\n\n\n\n<p>Avec plus de 30 ans d&rsquo;exp\u00e9rience, notre trajectoire est bas\u00e9e sur notre d\u00e9vouement \u00e0 l&rsquo;excellence et \u00e0 l&rsquo;am\u00e9lioration continue. Nous disposons d&rsquo;une \u00e9quipe technique hautement qualifi\u00e9e, qui dirige le d\u00e9veloppement de produits efficaces et durables, conformes aux normes de qualit\u00e9 et de s\u00e9curit\u00e9 les plus rigoureuses. Chez Maghispan, nous combinons tradition et modernit\u00e9 pour cr\u00e9er des solutions personnalis\u00e9es, en \u00e9tablissant des relations de confiance durables avec nos clients.  <\/p>\n<\/div>\n\n<div class=\"wp-block-group alignwide has-global-padding is-layout-constrained wp-block-group-is-layout-constrained\" style=\"margin-top:var(--wp--preset--spacing--60)\">\n<div class=\"wp-block-columns alignwide is-layout-flex wp-container-core-columns-is-layout-1da03c2a wp-block-columns-is-layout-flex\">\n<div class=\"wp-block-column is-layout-flow wp-block-column-is-layout-flow\">\n<div class=\"wp-block-group alignwide is-vertical is-content-justification-center is-layout-flex wp-container-core-group-is-layout-f31f02d0 wp-block-group-is-layout-flex\" style=\"margin-top:0\">\n<figure class=\"wp-block-image size-full is-resized\"><img loading=\"lazy\" decoding=\"async\" width=\"128\" height=\"128\" src=\"https:\/\/maghispan.es\/wp-content\/uploads\/2025\/01\/grafico-de-barras.png\" alt=\"Image par\" class=\"wp-image-223\" style=\"width:64px\"><\/figure>\n\n\n\n<h2 class=\"wp-block-heading alignwide has-primary-color has-text-color has-link-color has-large-font-size wp-elements-e46bf43d7e8836535ec2d683e60acf22\" style=\"font-style:normal;font-weight:600\">La mission<\/h2>\n\n\n\n<p class=\"has-text-align-center\">D\u00e9velopper et fabriquer des composants \u00e9lectriques, en offrant des solutions techniques efficaces et personnalis\u00e9es pour diverses industries \u00e0 l&rsquo;\u00e9chelle mondiale, avec un engagement ferme en faveur de la qualit\u00e9 et de la durabilit\u00e9.<\/p>\n<\/div>\n<\/div>\n\n\n\n<div class=\"wp-block-column is-layout-flow wp-block-column-is-layout-flow\">\n<div class=\"wp-block-group alignwide is-vertical is-content-justification-center is-layout-flex wp-container-core-group-is-layout-f31f02d0 wp-block-group-is-layout-flex\" style=\"margin-top:0\">\n<figure class=\"wp-block-image size-full is-resized\"><img loading=\"lazy\" decoding=\"async\" width=\"128\" height=\"128\" src=\"https:\/\/maghispan.es\/wp-content\/uploads\/2025\/01\/prismaticos.png\" alt=\"Image par\" class=\"wp-image-224\" style=\"width:64px\"><\/figure>\n\n\n\n<h2 class=\"wp-block-heading alignwide has-primary-color has-text-color has-link-color has-large-font-size wp-elements-fbb668c0a0515b199d65b4f85add5726\" style=\"font-style:normal;font-weight:600\">La vision<\/h2>\n\n\n\n<p class=\"has-text-align-center\">\u00catre un leader mondial dans le domaine des solutions de connectique \u00e9lectrique, en \u00e9tablissant de nouvelles normes en mati\u00e8re de qualit\u00e9, de technologie et de service, et en d\u00e9veloppant notre pr\u00e9sence internationale de mani\u00e8re durable.<\/p>\n<\/div>\n<\/div>\n<\/div>\n<\/div>\n\n<div class=\"wp-block-group alignwide has-global-padding is-layout-constrained wp-block-group-is-layout-constrained\" style=\"margin-top:var(--wp--preset--spacing--60)\">\n<div class=\"wp-block-columns alignwide is-layout-flex wp-container-core-columns-is-layout-1da03c2a wp-block-columns-is-layout-flex\">\n<div class=\"wp-block-column is-layout-flow wp-block-column-is-layout-flow\">\n<div class=\"wp-block-group alignwide is-vertical is-content-justification-center is-layout-flex wp-container-core-group-is-layout-f31f02d0 wp-block-group-is-layout-flex\" style=\"margin-top:0\">\n<figure class=\"wp-block-image size-full is-resized\"><img loading=\"lazy\" decoding=\"async\" width=\"128\" height=\"128\" src=\"https:\/\/maghispan.es\/wp-content\/uploads\/2025\/01\/diamante.png\" alt=\"Image par\" class=\"wp-image-225\" style=\"width:64px\"><\/figure>\n\n\n\n<h2 class=\"wp-block-heading alignwide has-primary-color has-text-color has-link-color has-large-font-size wp-elements-05e3e4e184b267ca441a1199bef4c26c\" style=\"font-style:normal;font-weight:600\">Valeurs<\/h2>\n\n\n\n<p class=\"has-text-align-center\"><strong>Syst\u00e8me de gestion int\u00e9gr\u00e9 :<\/strong> certifi\u00e9 selon les normes ISO 9001:2015 ; 14001:2015 ; 45001:2018<\/p>\n\n\n\n<p class=\"has-text-align-center\"><strong>Flexibilit\u00e9<\/strong>: solutions personnalis\u00e9es en fonction des besoins du client.<\/p>\n\n\n\n<p class=\"has-text-align-center\"><strong>Professionnalisme<\/strong>: service efficace et sp\u00e9cialis\u00e9.<\/p>\n\n\n\n<p class=\"has-text-align-center\"><strong>Durabilit\u00e9<\/strong>: engagement en faveur de pratiques environnementales responsables.<\/p>\n\n\n\n<p class=\"has-text-align-center\"><strong>Personnel<\/strong>: <em>un personnel engag\u00e9 et exp\u00e9riment\u00e9<\/em><\/p>\n<\/div>\n<\/div>\n<\/div>\n<\/div>\n","protected":false},"excerpt":{"rendered":"<p>Qui sommes-nous ? Maghispan, bas\u00e9e \u00e0 Madrid, est une entreprise sp\u00e9cialis\u00e9e dans la fabrication et la r\u00e9paration de composants \u00e9lectriques de basse, moyenne et haute tension. Fond\u00e9e en 1992, elle s&rsquo;est d\u00e9velopp\u00e9e pour devenir une r\u00e9f\u00e9rence dans le secteur industriel, en fournissant des solutions techniques d&rsquo;une qualit\u00e9 \u00e9prouv\u00e9e pour diverses industries. Avec plus de 30 [&hellip;]<\/p>\n","protected":false},"author":1,"featured_media":814,"parent":0,"menu_order":0,"comment_status":"closed","ping_status":"closed","template":"","meta":{"footnotes":""},"class_list":["post-1340","page","type-page","status-publish","has-post-thumbnail","hentry"],"jetpack_sharing_enabled":true,"_links":{"self":[{"href":"https:\/\/maghispan.es\/fr\/wp-json\/wp\/v2\/pages\/1340","targetHints":{"allow":["GET"]}}],"collection":[{"href":"https:\/\/maghispan.es\/fr\/wp-json\/wp\/v2\/pages"}],"about":[{"href":"https:\/\/maghispan.es\/fr\/wp-json\/wp\/v2\/types\/page"}],"author":[{"embeddable":true,"href":"https:\/\/maghispan.es\/fr\/wp-json\/wp\/v2\/users\/1"}],"replies":[{"embeddable":true,"href":"https:\/\/maghispan.es\/fr\/wp-json\/wp\/v2\/comments?post=1340"}],"version-history":[{"count":2,"href":"https:\/\/maghispan.es\/fr\/wp-json\/wp\/v2\/pages\/1340\/revisions"}],"predecessor-version":[{"id":1950,"href":"https:\/\/maghispan.es\/fr\/wp-json\/wp\/v2\/pages\/1340\/revisions\/1950"}],"wp:featuredmedia":[{"embeddable":true,"href":"https:\/\/maghispan.es\/fr\/wp-json\/wp\/v2\/media\/814"}],"wp:attachment":[{"href":"https:\/\/maghispan.es\/fr\/wp-json\/wp\/v2\/media?parent=1340"}],"curies":[{"name":"wp","href":"https:\/\/api.w.org\/{rel}","templated":true}]}}